{"id":45344,"date":"2024-11-26T00:05:57","date_gmt":"2024-11-26T00:05:57","guid":{"rendered":"https:\/\/whai.ca\/?page_id=45344"},"modified":"2025-05-26T20:13:01","modified_gmt":"2025-05-26T20:13:01","slug":"securite","status":"publish","type":"page","link":"https:\/\/whai.ca\/fr\/our-work\/safety\/","title":{"rendered":"S\u00e9curit\u00e9"},"content":{"rendered":"<h1>\n\t\t\tS\u00e9curit\u00e9\t<\/h1>\n\t<p class=\"translation-block\">La s\u00e9curit\u00e9 et la sant\u00e9 des <strong>femmes<\/strong> sont inextricablement li\u00e9es.<\/p>\n\t\t\t<a href=\"#about\" target=\"_self\">\n\t\t\t\t\t\t\tEn savoir plus\n\t\t\t<\/a>\n<h2>\n\t\t\t\u00c0 propos de la s\u00e9curit\u00e9\t<\/h2>\n\t<p class=\"translation-block\">La s\u00e9curit\u00e9 et la sant\u00e9 des <strong>femmes<\/strong> sont \u00e9troitement li\u00e9es. Ce lien recoupe tous les autres domaines de collaboration prioritaires identifi\u00e9s dans le cadre du processus de consultation et il est un \u00e9l\u00e9ment essentiel du travail de renforcement des capacit\u00e9s communautaires.<\/p>\n<p class=\"translation-block\">Les <strong>femmes<\/strong> ont d\u00e9crit la s\u00e9curit\u00e9 comme \u00e9tant :<\/p>\n<ul>\n<li>l\u2019absence de violence interpersonnelle, physique, sexuelle, mentale, \u00e9motionnelle et financi\u00e8re<\/li>\n<li>l\u2019absence de violence syst\u00e9mique et structurelle, comme le racisme \u00e0 l\u2019encontre des personnes noires, brunes, asiatiques et autochtones, d\u2019itin\u00e9rance, de pauvret\u00e9, de discrimination fond\u00e9e sur le genre, d\u2019homophobie, et plus encore<\/li>\n<li class=\"translation-block\">essentielle \u00e0 la sant\u00e9 et au bien-\u00eatre, \u00e0 la pr\u00e9vention du VIH et \u00e0 l\u2019arrimage des <strong>femmes<\/strong> \u00e0 des soins pertinents<\/li>\n<\/ul>\n<p>Les r\u00e9ponses communautaires identifi\u00e9es sont :<\/p>\n<ul>\n<li>se r\u00e9unir autour d\u2019un but commun de partage et de soutien mutuel<\/li>\n<li>avoir un endroit s\u00fbr o\u00f9 dormir et prendre un peu de r\u00e9pit<\/li>\n<li>avoir des espaces permettant d\u2019interagir avec d\u2019autres personnes ayant en commun certaines identit\u00e9s ou des exp\u00e9riences de racisme, de discrimination, d\u2019immigration, de violence et\/ou de pauvret\u00e9<\/li>\n<li>am\u00e9liorer la connaissance des impacts de la violence fond\u00e9e sur le genre et \u00e9laborer des strat\u00e9gies de soutien et de plaidoyer dans une approche sensible \u00e0 la culture et antiraciste<\/li>\n<li>Trauma-informed care, and strategies to support and foster <strong>les femmes<\/strong>&#8216;s autonomy and self-determination<\/li>\n<\/ul>\n\t\t\t<a href=\"https:\/\/whai.ca\/fr\/ressource\/collective-action-community-change-a-report-amplifying-community-voices\/\" target=\"_self\">\n\t\t\t\t\t\t\tEn savoir plus dans notre dernier rapport\n\t\t\t<\/a>\n\t\t\t\t<img decoding=\"async\" src=\"https:\/\/whai.ca\/wp-content\/uploads\/whai-safety-institutional-violence-icon.svg\" alt=\"whai-safety-institutional-violence-icon\" itemprop=\"image\" title=\"whai-safety-institutional-violence-icon\" onerror=\"this.style.display='none'\"  \/>\n\t\t52%\n\t\t\t\t\t52% of women who participated in 1:1 interviews during WHAI&#8217;s community consultations indicated that they have experienced violence, including institutional violence, in the past year (n=101).<sup>1<\/sup>\n\t\t\t\t<img decoding=\"async\" src=\"https:\/\/whai.ca\/wp-content\/uploads\/whai-safety-violence-ison.svg\" alt=\"whai-safety-violence-ison\" itemprop=\"image\" title=\"whai-safety-violence-ison\" onerror=\"this.style.display='none'\"  \/>\n\t\t41%\n\t\t\t\t\t41% of all women who participated in WHAI&#8217;s community consultation process had experienced violence in their lifetime (n=501).<sup>2<\/sup>\n<h2>\n\t\t\tQue fait l\u2019IFVS?\t<\/h2>\n\t<p>Moving this work forward, WHAI&#8217;s community capacity building work includes:<\/p>\n\t<ul>\n<li class=\"translation-block\">Am\u00e9liorer la sensibilisation aux r\u00e9alit\u00e9s superpos\u00e9es de la violence v\u00e9cue par les <strong>femmes<\/strong> et \u00e0 la mani\u00e8re dont elles recoupent le risque de VIH et les r\u00e9sultats en mati\u00e8re de sant\u00e9, par le biais d\u2019une s\u00e9rie d\u2019initiatives de d\u00e9veloppement communautaire, de formations et de partage des ressources<\/li>\n<li class=\"translation-block\">Collaborer avec des organismes et r\u00e9seaux communautaires \u00e0 faciliter la cr\u00e9ation d\u2019espaces permettant aux <strong>femmes<\/strong> des populations prioritaires de l\u2019IFVS de se r\u00e9unir et de cr\u00e9er des r\u00e9ponses communautaires en mati\u00e8re de s\u00e9curit\u00e9, y compris pour l\u2019acc\u00e8s aux soins et \u00e0 la pr\u00e9vention du VIH<\/li>\n<li class=\"translation-block\">Cr\u00e9er des espaces d\u2019apprentissage sur la violence syst\u00e9mique et interpersonnelle, y compris le racisme envers les <strong>femmes<\/strong> noires et autochtones, et soutenir les <strong>femmes<\/strong>, le cas \u00e9ch\u00e9ant, pour partager leurs connaissances avec les partenaires communautaires<\/li>\n<li>Providing knowledge translation and capacity building for community partners (centring <strong>les femmes<\/strong>&#8216;s voices) to learn skills and strategies for fostering physically, emotionally, spiritually, culturally and mentally safe places and peer-led strategies for <strong>les femmes<\/strong> to connect and access safe HIV care and support<\/li>\n<\/ul>\n<h2>\n\t\t\tVoix de la communaut\u00e9\t<\/h2>\n\t<p class=\"translation-block\">Notre travail est toujours guid\u00e9 par les exp\u00e9riences v\u00e9cues des femmes et des personnes de genres divers.<\/p>\n\t\t\t\t<img decoding=\"async\" src=\"https:\/\/whai.ca\/wp-content\/uploads\/whai-commitments-carousel-ivy.png\" alt=\"Illustration of a green ivy plant with detailed leaves and a twisting vine on a white background.\" itemprop=\"image\" title=\"whai-commitments-carousel-ivy\" onerror=\"this.style.display='none'\"  \/>\n\t\t\t\t<img decoding=\"async\" src=\"https:\/\/whai.ca\/wp-content\/uploads\/bb-plugin\/cache\/whai-community-voice-dahlia-circle.jpg\" alt=\"Close-up of an orange dahlia flower with layered petals against a blurred green background.\" itemprop=\"image\" title=\"whai-community-voice-dahlia\" onerror=\"this.style.display='none'\"  \/>\n<blockquote><p>&#8220;There are lots of assumptions about what racism is .. and a need for education and discussion about institutional and structural racism and its impact on our work.&#8221;<\/p><\/blockquote>\n&#8211; Community Partner from Kingston\t\n\t\t\t\t<a href=\"\/fr\/\" target=\"_self\" itemprop=\"url\">\n\t\t\t\t<img decoding=\"async\" src=\"https:\/\/whai.ca\/wp-content\/uploads\/bb-plugin\/cache\/whai-community-voice-lily-circle.jpg\" alt=\"Close-up of an orange lily flower with green leaves and buds in the background.\" itemprop=\"image\" title=\"whai-community-voice-lily\" onerror=\"this.style.display='none'\"  \/>\n\t\t\t\t<\/a>\n<blockquote><p>&#8220;Wellness is &#8230; the ability to sleep at night.I feel well when my mind is at peace, not having traumatic memories of war and death.&#8221;<\/p><\/blockquote>\n&#8211; Community Voice from Guelph\t\n<h2>\n\t\t\tRessources originales de l'IFVS en vedette\t<\/h2>\n\t\t\t<a href=\"https:\/\/whai.ca\/fr\/ressources\/\" target=\"_self\">\n\t\t\t\t\t\t\tVoyez toutes les ressources\n\t\t\t<\/a>\n\t<div class='post-wedge media'>            <div class=\"post post-row postid-45544  fr-enable\">\n                <div class=\"post-col img-col\">\n                    <img decoding=\"async\" width=\"587\" height=\"800\" src=\"https:\/\/whai.ca\/wp-content\/uploads\/Screen-Shot-2020-07-06-at-5.11.51-PM.png\" class=\"post-grid-img\" alt=\"Bouquet of lavender in a metal bucket with text: &quot;Women, HIV &amp; Stigma: A Toolkit for Creating Welcoming Spaces.\" srcset=\"https:\/\/whai.ca\/wp-content\/uploads\/Screen-Shot-2020-07-06-at-5.11.51-PM.png 764w, https:\/\/whai.ca\/wp-content\/uploads\/Screen-Shot-2020-07-06-at-5.11.51-PM-610x800.png 610w, https:\/\/whai.ca\/wp-content\/uploads\/Screen-Shot-2020-07-06-at-5.11.51-PM-9x12.png 9w\" sizes=\"(max-width: 587px) 100vw, 587px\" \/>                    <div class=\"tags\">\n                        <span>Trousse d'outils\/guide<\/span>, <span>Ressource originale de l'IFVS<\/span>                    <\/div>\n                <\/div>\n                <div class=\"post-col title-col\">\n                    <div class=\"tags\">\n                        <span>Trousse d'outils\/guide<\/span>, <span>Ressource originale de l'IFVS                    <\/div>\n                    <h3 class='h4'><a target=\"_self\" href=\"https:\/\/whai.ca\/fr\/resource\/women-hiv-stigma-a-toolkit-for-creating-welcoming-spaces\/\">Les femmes, le VIH et la stigmatisation : une trousse d\u2019outils pour cr\u00e9er des espaces accueillants<\/a><\/h3>\n                    <div class=\"date\">9 mai 2024<\/div>\n                <\/div>\n            <\/div>\n                        <div class=\"post post-row postid-45814  fr-enable\">\n                <div class=\"post-col img-col\">\n                    <img decoding=\"async\" width=\"800\" height=\"712\" src=\"https:\/\/whai.ca\/wp-content\/uploads\/whai-resource-welcoming-spaces-poster-fr-thumbnail.png\" class=\"post-grid-img\" alt=\"\" srcset=\"https:\/\/whai.ca\/wp-content\/uploads\/whai-resource-welcoming-spaces-poster-fr-thumbnail.png 1276w, https:\/\/whai.ca\/wp-content\/uploads\/whai-resource-welcoming-spaces-poster-fr-thumbnail-800x710.png 800w, https:\/\/whai.ca\/wp-content\/uploads\/whai-resource-welcoming-spaces-poster-fr-thumbnail-768x682.png 768w, https:\/\/whai.ca\/wp-content\/uploads\/whai-resource-welcoming-spaces-poster-fr-thumbnail-14x12.png 14w\" sizes=\"(max-width: 800px) 100vw, 800px\" \/>                    <div class=\"tags\">\n                        <span>Affiche<\/span>, <span>Ressource originale de l'IFVS<\/span>                    <\/div>\n                <\/div>\n                <div class=\"post-col title-col\">\n                    <div class=\"tags\">\n                        <span>Affiche<\/span>, <span>Ressource originale de l'IFVS                    <\/div>\n                    <h3 class='h4'><a target=\"_self\" href=\"https:\/\/whai.ca\/fr\/resource\/welcoming-spaces-poster\/\">Affiche pour cr\u00e9er des espaces accueillants<\/a><\/h3>\n                    <div class=\"date\">9 mai 2024<\/div>\n                <\/div>\n            <\/div>\n            <\/div>","protected":false},"excerpt":{"rendered":"","protected":false},"author":8,"featured_media":45350,"parent":45311,"menu_order":1,"comment_status":"closed","ping_status":"closed","template":"","meta":{"_acf_changed":false,"inline_featured_image":false,"footnotes":""},"class_list":["post-45344","page","type-page","status-publish","has-post-thumbnail","hentry"],"acf":[],"yoast_head":"<!-- This site is optimized with the Yoast SEO plugin v27.5 - https:\/\/yoast.com\/product\/yoast-seo-wordpress\/ -->\n<title>Safety - WHAI<\/title>\n<meta name=\"description\" content=\"Safety Safety and women&#039;s health are inextricably linked. Learn More About Safety Safety and women&#039;s health are inextricably linked. This link intersects\" \/>\n<meta name=\"robots\" content=\"index, follow, max-snippet:-1, max-image-preview:large, max-video-preview:-1\" \/>\n<link rel=\"canonical\" href=\"https:\/\/whai.ca\/fr\/notre-travail\/securite\/\" \/>\n<meta property=\"og:locale\" content=\"fr_FR\" \/>\n<meta property=\"og:type\" content=\"article\" \/>\n<meta property=\"og:title\" content=\"Safety - WHAI\" \/>\n<meta property=\"og:description\" content=\"Safety Safety and women&#039;s health are inextricably linked. Learn More About Safety Safety and women&#039;s health are inextricably linked. This link intersects\" \/>\n<meta property=\"og:url\" content=\"https:\/\/whai.ca\/fr\/notre-travail\/securite\/\" \/>\n<meta property=\"og:site_name\" content=\"WHAI\" \/>\n<meta property=\"article:modified_time\" content=\"2025-05-26T20:13:01+00:00\" \/>\n<meta property=\"og:image\" content=\"https:\/\/whai.ca\/wp-content\/uploads\/whai-feature-image.jpg\" \/>\n\t<meta property=\"og:image:width\" content=\"1126\" \/>\n\t<meta property=\"og:image:height\" content=\"763\" \/>\n\t<meta property=\"og:image:type\" content=\"image\/jpeg\" \/>\n<meta name=\"twitter:card\" content=\"summary_large_image\" \/>\n<meta name=\"twitter:label1\" content=\"Dur\u00e9e de lecture estim\u00e9e\" \/>\n\t<meta name=\"twitter:data1\" content=\"4 minutes\" \/>\n<script type=\"application\/ld+json\" class=\"yoast-schema-graph\">{\"@context\":\"https:\\\/\\\/schema.org\",\"@graph\":[{\"@type\":\"WebPage\",\"@id\":\"https:\\\/\\\/whai.ca\\\/our-work\\\/safety\\\/\",\"url\":\"https:\\\/\\\/whai.ca\\\/our-work\\\/safety\\\/\",\"name\":\"Safety - WHAI\",\"isPartOf\":{\"@id\":\"https:\\\/\\\/whai.ca\\\/#website\"},\"primaryImageOfPage\":{\"@id\":\"https:\\\/\\\/whai.ca\\\/our-work\\\/safety\\\/#primaryimage\"},\"image\":{\"@id\":\"https:\\\/\\\/whai.ca\\\/our-work\\\/safety\\\/#primaryimage\"},\"thumbnailUrl\":\"https:\\\/\\\/whai.ca\\\/wp-content\\\/uploads\\\/whai-feature-image.jpg\",\"datePublished\":\"2024-11-26T00:05:57+00:00\",\"dateModified\":\"2025-05-26T20:13:01+00:00\",\"description\":\"Safety Safety and women's health are inextricably linked. Learn More About Safety Safety and women's health are inextricably linked. This link intersects\",\"breadcrumb\":{\"@id\":\"https:\\\/\\\/whai.ca\\\/our-work\\\/safety\\\/#breadcrumb\"},\"inLanguage\":\"fr-FR\",\"potentialAction\":[{\"@type\":\"ReadAction\",\"target\":[\"https:\\\/\\\/whai.ca\\\/our-work\\\/safety\\\/\"]}]},{\"@type\":\"ImageObject\",\"inLanguage\":\"fr-FR\",\"@id\":\"https:\\\/\\\/whai.ca\\\/our-work\\\/safety\\\/#primaryimage\",\"url\":\"https:\\\/\\\/whai.ca\\\/wp-content\\\/uploads\\\/whai-feature-image.jpg\",\"contentUrl\":\"https:\\\/\\\/whai.ca\\\/wp-content\\\/uploads\\\/whai-feature-image.jpg\",\"width\":1126,\"height\":763,\"caption\":\"WHAI logo with orange and purple floral designs, text \\\"Women & HIV\\\/AIDS Initiative.\"},{\"@type\":\"BreadcrumbList\",\"@id\":\"https:\\\/\\\/whai.ca\\\/our-work\\\/safety\\\/#breadcrumb\",\"itemListElement\":[{\"@type\":\"ListItem\",\"position\":1,\"name\":\"Home\",\"item\":\"https:\\\/\\\/whai.ca\\\/\"},{\"@type\":\"ListItem\",\"position\":2,\"name\":\"How We Work\",\"item\":\"https:\\\/\\\/whai.ca\\\/our-work\\\/\"},{\"@type\":\"ListItem\",\"position\":3,\"name\":\"Safety\"}]},{\"@type\":\"WebSite\",\"@id\":\"https:\\\/\\\/whai.ca\\\/#website\",\"url\":\"https:\\\/\\\/whai.ca\\\/\",\"name\":\"WHAI\",\"description\":\"Women &amp; HIV \\\/ AIDS Initiative c\\\/o Ontario AIDS Network\",\"potentialAction\":[{\"@type\":\"SearchAction\",\"target\":{\"@type\":\"EntryPoint\",\"urlTemplate\":\"https:\\\/\\\/whai.ca\\\/?s={search_term_string}\"},\"query-input\":{\"@type\":\"PropertyValueSpecification\",\"valueRequired\":true,\"valueName\":\"search_term_string\"}}],\"inLanguage\":\"fr-FR\"}]}<\/script>\n<!-- \/ Yoast SEO plugin. -->","yoast_head_json":{"title":"Safety - WHAI","description":"Safety Safety and women's health are inextricably linked. Learn More About Safety Safety and women's health are inextricably linked. This link intersects","robots":{"index":"index","follow":"follow","max-snippet":"max-snippet:-1","max-image-preview":"max-image-preview:large","max-video-preview":"max-video-preview:-1"},"canonical":"https:\/\/whai.ca\/fr\/notre-travail\/securite\/","og_locale":"fr_FR","og_type":"article","og_title":"Safety - WHAI","og_description":"Safety Safety and women's health are inextricably linked. Learn More About Safety Safety and women's health are inextricably linked. This link intersects","og_url":"https:\/\/whai.ca\/fr\/notre-travail\/securite\/","og_site_name":"WHAI","article_modified_time":"2025-05-26T20:13:01+00:00","og_image":[{"width":1126,"height":763,"url":"https:\/\/whai.ca\/wp-content\/uploads\/whai-feature-image.jpg","type":"image\/jpeg"}],"twitter_card":"summary_large_image","twitter_misc":{"Dur\u00e9e de lecture estim\u00e9e":"4 minutes"},"schema":{"@context":"https:\/\/schema.org","@graph":[{"@type":"WebPage","@id":"https:\/\/whai.ca\/our-work\/safety\/","url":"https:\/\/whai.ca\/our-work\/safety\/","name":"Safety - WHAI","isPartOf":{"@id":"https:\/\/whai.ca\/#website"},"primaryImageOfPage":{"@id":"https:\/\/whai.ca\/our-work\/safety\/#primaryimage"},"image":{"@id":"https:\/\/whai.ca\/our-work\/safety\/#primaryimage"},"thumbnailUrl":"https:\/\/whai.ca\/wp-content\/uploads\/whai-feature-image.jpg","datePublished":"2024-11-26T00:05:57+00:00","dateModified":"2025-05-26T20:13:01+00:00","description":"Safety Safety and women's health are inextricably linked. Learn More About Safety Safety and women's health are inextricably linked. This link intersects","breadcrumb":{"@id":"https:\/\/whai.ca\/our-work\/safety\/#breadcrumb"},"inLanguage":"fr-FR","potentialAction":[{"@type":"ReadAction","target":["https:\/\/whai.ca\/our-work\/safety\/"]}]},{"@type":"ImageObject","inLanguage":"fr-FR","@id":"https:\/\/whai.ca\/our-work\/safety\/#primaryimage","url":"https:\/\/whai.ca\/wp-content\/uploads\/whai-feature-image.jpg","contentUrl":"https:\/\/whai.ca\/wp-content\/uploads\/whai-feature-image.jpg","width":1126,"height":763,"caption":"WHAI logo with orange and purple floral designs, text \"Women & HIV\/AIDS Initiative."},{"@type":"BreadcrumbList","@id":"https:\/\/whai.ca\/our-work\/safety\/#breadcrumb","itemListElement":[{"@type":"ListItem","position":1,"name":"Home","item":"https:\/\/whai.ca\/"},{"@type":"ListItem","position":2,"name":"How We Work","item":"https:\/\/whai.ca\/our-work\/"},{"@type":"ListItem","position":3,"name":"Safety"}]},{"@type":"WebSite","@id":"https:\/\/whai.ca\/#website","url":"https:\/\/whai.ca\/","name":"WHAI","description":"Women &amp; HIV \/ AIDS Initiative c\/o Ontario AIDS Network","potentialAction":[{"@type":"SearchAction","target":{"@type":"EntryPoint","urlTemplate":"https:\/\/whai.ca\/?s={search_term_string}"},"query-input":{"@type":"PropertyValueSpecification","valueRequired":true,"valueName":"search_term_string"}}],"inLanguage":"fr-FR"}]}},"_links":{"self":[{"href":"https:\/\/whai.ca\/fr\/wp-json\/wp\/v2\/pages\/45344","targetHints":{"allow":["GET"]}}],"collection":[{"href":"https:\/\/whai.ca\/fr\/wp-json\/wp\/v2\/pages"}],"about":[{"href":"https:\/\/whai.ca\/fr\/wp-json\/wp\/v2\/types\/page"}],"author":[{"embeddable":true,"href":"https:\/\/whai.ca\/fr\/wp-json\/wp\/v2\/users\/8"}],"replies":[{"embeddable":true,"href":"https:\/\/whai.ca\/fr\/wp-json\/wp\/v2\/comments?post=45344"}],"version-history":[{"count":0,"href":"https:\/\/whai.ca\/fr\/wp-json\/wp\/v2\/pages\/45344\/revisions"}],"up":[{"embeddable":true,"href":"https:\/\/whai.ca\/fr\/wp-json\/wp\/v2\/pages\/45311"}],"wp:featuredmedia":[{"embeddable":true,"href":"https:\/\/whai.ca\/fr\/wp-json\/wp\/v2\/media\/45350"}],"wp:attachment":[{"href":"https:\/\/whai.ca\/fr\/wp-json\/wp\/v2\/media?parent=45344"}],"curies":[{"name":"wp","href":"https:\/\/api.w.org\/{rel}","templated":true}]}}