{"id":45335,"date":"2024-11-25T23:53:37","date_gmt":"2024-11-25T23:53:37","guid":{"rendered":"https:\/\/whai.ca\/?page_id=45335"},"modified":"2025-03-13T20:39:27","modified_gmt":"2025-03-13T20:39:27","slug":"la-decriminalisation-du-travail-du-sexe","status":"publish","type":"page","link":"https:\/\/whai.ca\/fr\/about\/commitments\/solidarity-sex-work-decriminalization\/","title":{"rendered":"WHAI&#8217;s Statement of  Solidarity &#8211; Sex Work Decriminalization"},"content":{"rendered":"<img decoding=\"async\" src=\"https:\/\/whai.ca\/wp-content\/uploads\/icon_commitments_umbrella.svg\" alt=\"icon_commitments_umbrella\" itemprop=\"image\" title=\"icon_commitments_umbrella\" onerror=\"this.style.display='none'\"  \/>\n<h1>\n\t\tWHAI&#8217;s Statement of  Solidarity &#8211; Sex Work Decriminalization \n\t<\/h1>\n\t<p class=\"translation-block\">L\u2019IFVS est solidaire des travailleuse(-eur)s du sexe et des initiatives \u00e0 l\u2019appui de leurs droits, en Ontario, dans la lutte pour d\u00e9criminaliser enti\u00e8rement le travail du sexe.<\/p>\n\t<p>We acknowledge the harmful impact of criminalization through laws such The Protection of Communities and Exploited Persons Act in 2014, Bill 251 (Combating Human Trafficking Act, 2021), federal immigration regulations prohibiting migrant people from doing sex work, Ontario&#8217;s Anti-Human Trafficking Strategy (2021), municipal bylaws that promote the racial and social profiling of outdoor sex workers and indoor sex work establishments, and the over policing and under protection of sex workers in all areas of the sex industry.<\/p>\n<ul>\n<li>We acknowledge the structural factors of stigma, inequality, and discrimination that, combined with criminalization and profiling, contribute to HIV risk, poverty, a lack of housing, and the erosion of sex workers&#8217; rights, freedom, safety, and health.<\/li>\n<li>Nous reconnaissons l\u2019expertise et le leadership des travailleuse(-eur)s du sexe dans le mouvement de lutte contre le VIH\/sida et dans le plaidoyer pour la sant\u00e9 sexuelle en Ontario et au-del\u00e0.<\/li>\n<li>Nous reconnaissons l\u2019id\u00e9ologie raciste, sexiste, anti-migrant-es et anti-travail du sexe qui est \u00e0 la base des lois et politiques.<\/li>\n<li>We acknowledge that the elimination of laws and policies that fuel violence would substantially reduce sex workers&#8217; risk for HIV and STBBIs transmission.<\/li>\n<li>Nous nous engageons \u00e0 consulter de fa\u00e7on significative les travailleuse(-eur)s du sexe dans le d\u00e9veloppement des initiatives de l\u2019IFVS qui visent \u00e0 appuyer leurs droits, et nous le ferons en prenant soin de leur attribuer le juste m\u00e9rite de leurs contributions tout en prot\u00e9geant leur confidentialit\u00e9 et leur s\u00e9curit\u00e9.<\/li>\n<\/ul>\n<p>Nous sommes solidaires des travailleuse(-eur)s du sexe et de leurs alli\u00e9-es dans le d\u00e9mant\u00e8lement de ces syst\u00e8mes, en Ontario et ailleurs. Nous appuyons la mise en place de politiques qui respectent les droits et la s\u00e9curit\u00e9 des travailleuse(-eurs) du sexe dans nos communaut\u00e9s, y compris la d\u00e9criminalisation compl\u00e8te du travail du sexe, c\u2019est-\u00e0-dire l\u2019abrogation des lois p\u00e9nales relatives au travail du sexe, des dispositions l\u00e9gales sur l\u2019immigration qui interdisent le travail du sexe aux migrant-es, de m\u00eame que des autres lois qui criminalisent les travailleuse(-eur)s du sexe, les client-es et les tierces parties.<\/p>\n<em>&#8220;Decriminalization of sex work would have the greatest impact on the course of HIV epidemic across all settings, averting 33-46% of HIV infections in the next decade. Multipronged structural and community-led interventions are crucial to increase access to prevention and treatment and to promote human rights for FSWs worldwide.&#8221;<\/em><br \/>\n<a href=\"https:\/\/pubmed.ncbi.nlm.nih.gov\/25059947\/\">pubmed.ncb.nlm.nih.gov\/2509947<\/a>\n<em>&#8220;Female sex workers (FSWs) bear a disproportionately large burden of HIV infection worldwide&#8221; and modelling shows that the &#8220;elimination of sexual violence alone could avert &#8230;.20% of HIV infections in Canada &#8230;through its immediate and sustained effect on non-condom use among FSWs and their clients in the next decade.&#8221;<\/em><br \/>\n<a href=\"https:\/\/pubmed.ncbi.nlm.nih.gov\/25059947\/\">pubmed.ncbi.nlm.nih.gov\/25059947\/<\/a>\n<em>&#8220;So long as sex work is criminal in Canada, sex workers cannot enjoy their international and Charter rights to freedom of expression, freedom of association, security of the person, right to work, and right to enjoy just and favourable conditions of work.&#8221;<\/em><br \/>\n<a href=\"https:\/\/www.hivlegalnetwork.ca\/site\/our-work\/sex-work\/?lang=fr\">hivlegalnetwork.ca\/site\/our-work\/sex-work\/?lang=fr<\/a>\nThe Protection of Communities and Exploited Persons Act (2014)<em> &#8220;fuels stigma, discrimination, and other abuses towards sex workers and facilitated exploitation in the sex industry.&#8221;<\/em><br \/>\n<a href=\"https:\/\/www.hivlegalnetwork.ca\/site\/submission-to-the-house-of-commons-standing-committee-on-justice-and-human-rights-review-of-the-protection-of-communities-and-exploited-persons-act\/?lang=fr\">hivlegalnetwork.ca\/site\/submission-to-the-house-of-commons-standing-committee-on-justice-and-human-rights-review-of-the-protection-of-communities-and-exploited-persons-act\/?lang=fr<\/a>\n<em>&#8220;&#8230;Criminalization reduces sex workers access to health, social and legal services, undermines their autonomy, health and safety, and violates sex workers&#8217; human rights.&#8221;<\/em><br \/>\n<a href=\"https:\/\/www.hivlegalnetwork.ca\/site\/submission-to-the-house-of-commons-standing-committee-on-justice-and-human-rights-review-of-the-protection-of-communities-and-exploited-persons-act\/?lang=fr\">hivlegalnetwork.ca\/site\/submission-to-the-house-of-commons-standing-committee-on-justice-and-human-rights-review-of-the-protection-of-communities-and-exploited-persons-act\/?lang=fr<\/a>\n\t\t\t<a href=\"\/wp-content\/uploads\/WHAI-Statement-of-Solidarity-Sex-Work-Decriminalization-PDF.pdf\" target=\"_blank\" rel=\"noopener\">\n\t\t\t\t\t\t\tT\u00e9l\u00e9chargez la d\u00e9claration\n\t\t\t<\/a>\n\t\t\t<a href=\"https:\/\/whai.ca\/fr\/a-propos\/engagements\/\" target=\"_self\">\n\t\t\t\t\t\tRetournez \u00e0 nos engagements\n\t\t\t\t\t<\/a>","protected":false},"excerpt":{"rendered":"","protected":false},"author":8,"featured_media":45350,"parent":45198,"menu_order":0,"comment_status":"closed","ping_status":"closed","template":"","meta":{"_acf_changed":false,"inline_featured_image":false,"footnotes":""},"class_list":["post-45335","page","type-page","status-publish","has-post-thumbnail","hentry"],"acf":[],"yoast_head":"<!-- This site is optimized with the Yoast SEO plugin v27.4 - https:\/\/yoast.com\/product\/yoast-seo-wordpress\/ -->\n<title>WHAI&#039;s Statement of Solidarity - Sex Work Decriminalization - WHAI<\/title>\n<meta name=\"description\" content=\"WHAI&#039;s Statement of Solidarity - Sex Work Decriminalization The Women and HIV \/ AIDS Initiative (WHAI) stands in solidarity with sex workers and sex\" \/>\n<meta name=\"robots\" content=\"index, follow, max-snippet:-1, max-image-preview:large, max-video-preview:-1\" \/>\n<link rel=\"canonical\" href=\"https:\/\/whai.ca\/fr\/a-propos\/engagements\/la-decriminalisation-du-travail-du-sexe\/\" \/>\n<meta property=\"og:locale\" content=\"fr_FR\" \/>\n<meta property=\"og:type\" content=\"article\" \/>\n<meta property=\"og:title\" content=\"WHAI&#039;s Statement of Solidarity - Sex Work Decriminalization - WHAI\" \/>\n<meta property=\"og:description\" content=\"WHAI&#039;s Statement of Solidarity - Sex Work Decriminalization The Women and HIV \/ AIDS Initiative (WHAI) stands in solidarity with sex workers and sex\" \/>\n<meta property=\"og:url\" content=\"https:\/\/whai.ca\/fr\/a-propos\/engagements\/la-decriminalisation-du-travail-du-sexe\/\" \/>\n<meta property=\"og:site_name\" content=\"WHAI\" \/>\n<meta property=\"article:modified_time\" content=\"2025-03-13T20:39:27+00:00\" \/>\n<meta property=\"og:image\" content=\"https:\/\/whai.ca\/wp-content\/uploads\/whai-feature-image.jpg\" \/>\n\t<meta property=\"og:image:width\" content=\"1126\" \/>\n\t<meta property=\"og:image:height\" content=\"763\" \/>\n\t<meta property=\"og:image:type\" content=\"image\/jpeg\" \/>\n<meta name=\"twitter:card\" content=\"summary_large_image\" \/>\n<meta name=\"twitter:label1\" content=\"Dur\u00e9e de lecture estim\u00e9e\" \/>\n\t<meta name=\"twitter:data1\" content=\"3 minutes\" \/>\n<script type=\"application\/ld+json\" class=\"yoast-schema-graph\">{\"@context\":\"https:\\\/\\\/schema.org\",\"@graph\":[{\"@type\":\"WebPage\",\"@id\":\"https:\\\/\\\/whai.ca\\\/about\\\/commitments\\\/solidarity-sex-work-decriminalization\\\/\",\"url\":\"https:\\\/\\\/whai.ca\\\/about\\\/commitments\\\/solidarity-sex-work-decriminalization\\\/\",\"name\":\"WHAI's Statement of Solidarity - Sex Work Decriminalization - WHAI\",\"isPartOf\":{\"@id\":\"https:\\\/\\\/whai.ca\\\/#website\"},\"primaryImageOfPage\":{\"@id\":\"https:\\\/\\\/whai.ca\\\/about\\\/commitments\\\/solidarity-sex-work-decriminalization\\\/#primaryimage\"},\"image\":{\"@id\":\"https:\\\/\\\/whai.ca\\\/about\\\/commitments\\\/solidarity-sex-work-decriminalization\\\/#primaryimage\"},\"thumbnailUrl\":\"https:\\\/\\\/whai.ca\\\/wp-content\\\/uploads\\\/whai-feature-image.jpg\",\"datePublished\":\"2024-11-25T23:53:37+00:00\",\"dateModified\":\"2025-03-13T20:39:27+00:00\",\"description\":\"WHAI's Statement of Solidarity - Sex Work Decriminalization The Women and HIV \\\/ AIDS Initiative (WHAI) stands in solidarity with sex workers and sex\",\"breadcrumb\":{\"@id\":\"https:\\\/\\\/whai.ca\\\/about\\\/commitments\\\/solidarity-sex-work-decriminalization\\\/#breadcrumb\"},\"inLanguage\":\"fr-FR\",\"potentialAction\":[{\"@type\":\"ReadAction\",\"target\":[\"https:\\\/\\\/whai.ca\\\/about\\\/commitments\\\/solidarity-sex-work-decriminalization\\\/\"]}]},{\"@type\":\"ImageObject\",\"inLanguage\":\"fr-FR\",\"@id\":\"https:\\\/\\\/whai.ca\\\/about\\\/commitments\\\/solidarity-sex-work-decriminalization\\\/#primaryimage\",\"url\":\"https:\\\/\\\/whai.ca\\\/wp-content\\\/uploads\\\/whai-feature-image.jpg\",\"contentUrl\":\"https:\\\/\\\/whai.ca\\\/wp-content\\\/uploads\\\/whai-feature-image.jpg\",\"width\":1126,\"height\":763,\"caption\":\"WHAI logo with orange and purple floral designs, text \\\"Women & HIV\\\/AIDS Initiative.\"},{\"@type\":\"BreadcrumbList\",\"@id\":\"https:\\\/\\\/whai.ca\\\/about\\\/commitments\\\/solidarity-sex-work-decriminalization\\\/#breadcrumb\",\"itemListElement\":[{\"@type\":\"ListItem\",\"position\":1,\"name\":\"Home\",\"item\":\"https:\\\/\\\/whai.ca\\\/\"},{\"@type\":\"ListItem\",\"position\":2,\"name\":\"Who We Are\",\"item\":\"https:\\\/\\\/whai.ca\\\/about\\\/\"},{\"@type\":\"ListItem\",\"position\":3,\"name\":\"Commitments Overview\",\"item\":\"https:\\\/\\\/whai.ca\\\/about\\\/commitments\\\/\"},{\"@type\":\"ListItem\",\"position\":4,\"name\":\"WHAI&#8217;s Statement of Solidarity &#8211; Sex Work Decriminalization\"}]},{\"@type\":\"WebSite\",\"@id\":\"https:\\\/\\\/whai.ca\\\/#website\",\"url\":\"https:\\\/\\\/whai.ca\\\/\",\"name\":\"WHAI\",\"description\":\"Women &amp; HIV \\\/ AIDS Initiative c\\\/o Ontario AIDS Network\",\"potentialAction\":[{\"@type\":\"SearchAction\",\"target\":{\"@type\":\"EntryPoint\",\"urlTemplate\":\"https:\\\/\\\/whai.ca\\\/?s={search_term_string}\"},\"query-input\":{\"@type\":\"PropertyValueSpecification\",\"valueRequired\":true,\"valueName\":\"search_term_string\"}}],\"inLanguage\":\"fr-FR\"}]}<\/script>\n<!-- \/ Yoast SEO plugin. -->","yoast_head_json":{"title":"WHAI's Statement of Solidarity - Sex Work Decriminalization - WHAI","description":"WHAI's Statement of Solidarity - Sex Work Decriminalization The Women and HIV \/ AIDS Initiative (WHAI) stands in solidarity with sex workers and sex","robots":{"index":"index","follow":"follow","max-snippet":"max-snippet:-1","max-image-preview":"max-image-preview:large","max-video-preview":"max-video-preview:-1"},"canonical":"https:\/\/whai.ca\/fr\/a-propos\/engagements\/la-decriminalisation-du-travail-du-sexe\/","og_locale":"fr_FR","og_type":"article","og_title":"WHAI's Statement of Solidarity - Sex Work Decriminalization - WHAI","og_description":"WHAI's Statement of Solidarity - Sex Work Decriminalization The Women and HIV \/ AIDS Initiative (WHAI) stands in solidarity with sex workers and sex","og_url":"https:\/\/whai.ca\/fr\/a-propos\/engagements\/la-decriminalisation-du-travail-du-sexe\/","og_site_name":"WHAI","article_modified_time":"2025-03-13T20:39:27+00:00","og_image":[{"width":1126,"height":763,"url":"https:\/\/whai.ca\/wp-content\/uploads\/whai-feature-image.jpg","type":"image\/jpeg"}],"twitter_card":"summary_large_image","twitter_misc":{"Dur\u00e9e de lecture estim\u00e9e":"3 minutes"},"schema":{"@context":"https:\/\/schema.org","@graph":[{"@type":"WebPage","@id":"https:\/\/whai.ca\/about\/commitments\/solidarity-sex-work-decriminalization\/","url":"https:\/\/whai.ca\/about\/commitments\/solidarity-sex-work-decriminalization\/","name":"WHAI's Statement of Solidarity - Sex Work Decriminalization - WHAI","isPartOf":{"@id":"https:\/\/whai.ca\/#website"},"primaryImageOfPage":{"@id":"https:\/\/whai.ca\/about\/commitments\/solidarity-sex-work-decriminalization\/#primaryimage"},"image":{"@id":"https:\/\/whai.ca\/about\/commitments\/solidarity-sex-work-decriminalization\/#primaryimage"},"thumbnailUrl":"https:\/\/whai.ca\/wp-content\/uploads\/whai-feature-image.jpg","datePublished":"2024-11-25T23:53:37+00:00","dateModified":"2025-03-13T20:39:27+00:00","description":"WHAI's Statement of Solidarity - Sex Work Decriminalization The Women and HIV \/ AIDS Initiative (WHAI) stands in solidarity with sex workers and sex","breadcrumb":{"@id":"https:\/\/whai.ca\/about\/commitments\/solidarity-sex-work-decriminalization\/#breadcrumb"},"inLanguage":"fr-FR","potentialAction":[{"@type":"ReadAction","target":["https:\/\/whai.ca\/about\/commitments\/solidarity-sex-work-decriminalization\/"]}]},{"@type":"ImageObject","inLanguage":"fr-FR","@id":"https:\/\/whai.ca\/about\/commitments\/solidarity-sex-work-decriminalization\/#primaryimage","url":"https:\/\/whai.ca\/wp-content\/uploads\/whai-feature-image.jpg","contentUrl":"https:\/\/whai.ca\/wp-content\/uploads\/whai-feature-image.jpg","width":1126,"height":763,"caption":"WHAI logo with orange and purple floral designs, text \"Women & HIV\/AIDS Initiative."},{"@type":"BreadcrumbList","@id":"https:\/\/whai.ca\/about\/commitments\/solidarity-sex-work-decriminalization\/#breadcrumb","itemListElement":[{"@type":"ListItem","position":1,"name":"Home","item":"https:\/\/whai.ca\/"},{"@type":"ListItem","position":2,"name":"Who We Are","item":"https:\/\/whai.ca\/about\/"},{"@type":"ListItem","position":3,"name":"Commitments Overview","item":"https:\/\/whai.ca\/about\/commitments\/"},{"@type":"ListItem","position":4,"name":"WHAI&#8217;s Statement of Solidarity &#8211; Sex Work Decriminalization"}]},{"@type":"WebSite","@id":"https:\/\/whai.ca\/#website","url":"https:\/\/whai.ca\/","name":"WHAI","description":"Women &amp; HIV \/ AIDS Initiative c\/o Ontario AIDS Network","potentialAction":[{"@type":"SearchAction","target":{"@type":"EntryPoint","urlTemplate":"https:\/\/whai.ca\/?s={search_term_string}"},"query-input":{"@type":"PropertyValueSpecification","valueRequired":true,"valueName":"search_term_string"}}],"inLanguage":"fr-FR"}]}},"_links":{"self":[{"href":"https:\/\/whai.ca\/fr\/wp-json\/wp\/v2\/pages\/45335","targetHints":{"allow":["GET"]}}],"collection":[{"href":"https:\/\/whai.ca\/fr\/wp-json\/wp\/v2\/pages"}],"about":[{"href":"https:\/\/whai.ca\/fr\/wp-json\/wp\/v2\/types\/page"}],"author":[{"embeddable":true,"href":"https:\/\/whai.ca\/fr\/wp-json\/wp\/v2\/users\/8"}],"replies":[{"embeddable":true,"href":"https:\/\/whai.ca\/fr\/wp-json\/wp\/v2\/comments?post=45335"}],"version-history":[{"count":0,"href":"https:\/\/whai.ca\/fr\/wp-json\/wp\/v2\/pages\/45335\/revisions"}],"up":[{"embeddable":true,"href":"https:\/\/whai.ca\/fr\/wp-json\/wp\/v2\/pages\/45198"}],"wp:featuredmedia":[{"embeddable":true,"href":"https:\/\/whai.ca\/fr\/wp-json\/wp\/v2\/media\/45350"}],"wp:attachment":[{"href":"https:\/\/whai.ca\/fr\/wp-json\/wp\/v2\/media?parent=45335"}],"curies":[{"name":"wp","href":"https:\/\/api.w.org\/{rel}","templated":true}]}}