{"id":45230,"date":"2024-11-19T22:37:27","date_gmt":"2024-11-19T22:37:27","guid":{"rendered":"https:\/\/whai.ca\/?page_id=45230"},"modified":"2025-03-13T19:45:33","modified_gmt":"2025-03-13T19:45:33","slug":"declaration-de-solidarite-2slqbtq","status":"publish","type":"page","link":"https:\/\/whai.ca\/fr\/about\/commitments\/2slgbtq-solidarity-statement\/","title":{"rendered":"D\u00e9claration de l\u2019IFVS sur les droits, la s\u00e9curit\u00e9 et la protection des communaut\u00e9s 2ELGBTQ+"},"content":{"rendered":"<img decoding=\"async\" src=\"https:\/\/whai.ca\/wp-content\/uploads\/icon_commitmetns_hand.svg\" alt=\"icon_commitmetns_hand\" itemprop=\"image\" title=\"icon_commitmetns_hand\" onerror=\"this.style.display='none'\"  \/>\n<h1>\n\t\tWHAI&#8217;s Statement of Solidarity for the Rights, Safety and Protection of 2SLGBTQ+ Communities\n\t<\/h1>\n\t<p class=\"translation-block\">Face \u00e0 la mont\u00e9e de la discrimination et de la violence \u00e0 l\u2019\u00e9chelle locale et internationale, \u00e0 l\u2019encontre des communaut\u00e9s bispirituelles, lesbiennes, gaies, bisexuelles, trans, queers, non binaires et des personnes d\u2019autres identit\u00e9s et expressions sexuelles et de genre, <strong>l\u2019IFVS affirme sa solidarit\u00e9 avec les communaut\u00e9s 2ELGBTQ+ et son soutien en faveur de leur s\u00e9curit\u00e9 et de leur inclusion.<\/strong><\/p>\n<p class=\"translation-block\">La discrimination et la violence \u00e0 l\u2019encontre des personnes de ces communaut\u00e9s augmentent dans le monde entier. Au palier mondial, Trans Murder Monitoring, un projet de TGEU (Transgender Europe), a recens\u00e9 327 meurtres de personnes trans et de personnes de genres divers en 2022, dont 95 % ont \u00e9t\u00e9 identifi\u00e9es comme \u00e9tant des femmes trans ou des personnes transf\u00e9minines. Parmi les personnes dont la profession \u00e9tait connue, la moiti\u00e9 \u00e9taient travailleur(-euse)s du sexe. Lorsque la race et l\u2019origine ethnique \u00e9taient connues, 65 % \u00e9taient des personnes trans racis\u00e9es.<sup>1<\/sup> Au Canada, Amnistie internationale a relev\u00e9 des crimes haineux contre les communaut\u00e9s 2ELGBTQ+ en Nouvelle-\u00c9cosse, au Qu\u00e9bec et en Ontario,<sup>2<\/sup> et d\u2019autres actes haineux sont continuellement document\u00e9s dans d\u2019autres provinces. Ces r\u00e9alit\u00e9s mondiales et locales ne cessent de cro\u00eetre et la solidarit\u00e9 pour la s\u00e9curit\u00e9, le respect et l\u2019inclusion est essentielle.<\/p>\n<p>L\u2019IFVS consid\u00e8re que cette violence et la rh\u00e9torique et les politiques qui l\u2019accompagnent, concernant le genre, l\u2019identit\u00e9 sexuelle et l\u2019expression de genre, sont des \u00e9l\u00e9ments d\u2019un syst\u00e8me colonialiste, raciste et misogyne. Le travail de l\u2019IFVS se situe \u00e0 l\u2019intersection de l\u2019autonomie corporelle, de la sant\u00e9, de l\u2019\u00e9quit\u00e9 des genres et de la justice sociale. Nous reconnaissons qu\u2019il est crucial que notre travail r\u00e9ponde \u00e0 la vague croissante de violence contre les individus et les communaut\u00e9s sur la base du genre et de l\u2019identit\u00e9 sexuelle. Nous faisons preuve de solidarit\u00e9 par nos actions individuelles, notre travail communautaire, notre travail institutionnel et de politiques, et en travaillant aux c\u00f4t\u00e9s des personnes et organismes qui luttent pour que des mesures l\u00e9gislatives soient prises pour r\u00e9pondre \u00e0 ces r\u00e9alit\u00e9s. La lib\u00e9ration n\u00e9cessite de d\u00e9construire la binarit\u00e9 du genre et les cadres h\u00e9t\u00e9rosexistes qui \u00e9tendent la stigmatisation et la criminalisation de l\u2019identit\u00e9, de l\u2019expression et, fondamentalement, de l\u2019existence. L\u2019IFVS s\u2019engage \u00e0 travailler avec toutes les personnes qui s\u2019identifient comme bispirituelles, lesbiennes, gaies, bisexuelles, trans, queers ou non binaires. Le travail de l\u2019IFVS vise fondamentalement \u00e0 am\u00e9liorer les r\u00e9sultats de sant\u00e9 li\u00e9s au VIH et \u00e0 renforcer la capacit\u00e9 de la communaut\u00e9 \u00e0 r\u00e9pondre aux h\u00e9ritages actuels de l\u2019homophobie, de la transphobie et de la cis-h\u00e9t\u00e9ronormativit\u00e9, et \u00e0 les rectifier.<\/p>\n<p>Nous nous engageons \u00e0 c\u00e9l\u00e9brer activement et \u00e0 amplifier les communaut\u00e9s bispirituelles, lesbiennes, gaies, bisexuelles, trans, queers et non binaires, publiquement, sans honte ni restriction; \u00e0 travailler \u00e0 leurs c\u00f4t\u00e9s et en collaboration avec elles; et \u00e0 travailler activement contre la violence et les politiques et rh\u00e9toriques discriminatoires aux \u00e9chelons local et mondial. Nous nous engageons \u00e0 honorer les vies perdues \u00e0 cause de la violence anti-trans et anti-2ELGBTQ+.<\/p>\n<blockquote><p><em>&#8220;The movement for 2SLGBTQ+ liberation is centered on the fact that we have a right to self-expression and bodily autonomy. Against staggering odds and at incredible risk, we have always fought against the erasure of our lives, the silencing of our voices, and the criminalization of our love, identity, expression and very existence.&#8221; <\/em><\/p><\/blockquote>\n<p><a href=\"https:\/\/www.the519.org\/armyoflovers\/\">&#8211; www.the519.org\/armyoflovers\/<\/a><\/p>\n<blockquote><p><em>&#8220;&#8230;rarely has it been explicitly noted that this binary, not only marginalizes those who don&#8217;t fall neatly into either category regardless of their race, but is itself one of the ways in which whiteness has maintained its domination.&#8221;<\/em><\/p><\/blockquote>\n<p>&#8211; (White Tears, Brown Scars: How White Feminism Betrays <strong>femmes <\/strong>of Color by Ruby Hamad, page 124).<\/p>\n<strong>Ressources<\/strong><br \/>\n<a href=\"https:\/\/www.the519.org\/\">The 519 and Army of Lovers<\/a><br \/>\n<a href=\"https:\/\/www.wisdom2action.org\/about\/\">Wisdom2 Action<\/a><br \/>\n<a href=\"https:\/\/www.humandignitytrust.org\/\">Human Dignity Trust<\/a><br \/>\n<a href=\"https:\/\/www.transwomenhivresearch.com\/\">Trans <strong>femmes<\/strong> HIV Research Initiative (TWIRI)<\/a><br \/>\n<a href=\"https:\/\/whai.ca\/fr\/ressource\/whai-trans-inclusion-pocket-guide\/\">Guide de poche de l\u2019IFVS sur l\u2019inclusion trans <strong>femmes<\/strong> in Our Work<\/a><br \/>\n<a href=\"https:\/\/whai.ca\/fr\/ressource\/social-determinants-of-health-a-trans-health-perspective\/\">Social Determinants of Health: A Trans Health Perspective<\/a><br \/>\n<a href=\"https:\/\/whai.ca\/fr\/ressource\/mental-health-psychological-wellbeing-trans-women-living-with-hiv-in-canada\/\">Mental Health and Psychological Wellbeing: Trans <strong>femmes<\/strong> Living with HIV in Canada<\/a><br \/>\n<a href=\"https:\/\/www.rainbowhealthontario.ca\/fr\/accueil\/\">Sant\u00e9 arc-en-ciel Ontario<\/a>\n\t\t\t<a href=\"\/wp-content\/uploads\/Trans-2-Spirit-and-Non-Binary-Statement-of-Solidarity-Final-Nov-7-2023.pdf\" target=\"_blank\" rel=\"noopener\">\n\t\t\t\t\t\t\tT\u00e9l\u00e9chargez la d\u00e9claration\n\t\t\t<\/a>\n\t\t\t<a href=\"\/fr\/a-propos\/engagements\/\" target=\"_self\">\n\t\t\t\t\t\tRetournez \u00e0 nos engagements\n\t\t\t\t\t<\/a>\n\t<p><strong>R\u00e9f\u00e9rences<\/strong><\/p>\n\t1. <a href=\"https:\/\/transrespect.org\/en\/tmm-update-tdor-2022\/\" target=\"_blank\" rel=\"noopener\">TMM Update &#8211; Trans Day of Remembrance 2022. Transrespect versus Transphobia. November 2022.<\/a><br \/>\n2. <a href=\"https:\/\/amnesty.ca\/human-rights-news\/anti-2slgbtqia-hate-in-canada-must-end\/\" target=\"_blank\" rel=\"noopener\">Anti-2SLGBTQ+ Hate in Canada Must End. Amnesty International. May 2023.<\/a>","protected":false},"excerpt":{"rendered":"","protected":false},"author":2,"featured_media":45350,"parent":45198,"menu_order":0,"comment_status":"closed","ping_status":"closed","template":"","meta":{"_acf_changed":false,"inline_featured_image":false,"footnotes":""},"class_list":["post-45230","page","type-page","status-publish","has-post-thumbnail","hentry"],"acf":[],"yoast_head":"<!-- This site is optimized with the Yoast SEO plugin v27.5 - https:\/\/yoast.com\/product\/yoast-seo-wordpress\/ -->\n<title>WHAI\u2019s Statement of Solidarity for the Rights, Safety and Protection of 2SLGBTQ+ Communities - WHAI<\/title>\n<meta name=\"description\" content=\"WHAI&#039;s Statement of Solidarity for the Rights, Safety and Protection of 2SLGBTQ+ Communities Amidst the rise in local and international discrimination and\" \/>\n<meta name=\"robots\" content=\"index, follow, max-snippet:-1, max-image-preview:large, max-video-preview:-1\" \/>\n<link rel=\"canonical\" href=\"https:\/\/whai.ca\/fr\/a-propos\/engagements\/declaration-de-solidarite-2slqbtq\/\" \/>\n<meta property=\"og:locale\" content=\"fr_FR\" \/>\n<meta property=\"og:type\" content=\"article\" \/>\n<meta property=\"og:title\" content=\"WHAI\u2019s Statement of Solidarity for the Rights, Safety and Protection of 2SLGBTQ+ Communities - WHAI\" \/>\n<meta property=\"og:description\" content=\"WHAI&#039;s Statement of Solidarity for the Rights, Safety and Protection of 2SLGBTQ+ Communities Amidst the rise in local and international discrimination and\" \/>\n<meta property=\"og:url\" content=\"https:\/\/whai.ca\/fr\/a-propos\/engagements\/declaration-de-solidarite-2slqbtq\/\" \/>\n<meta property=\"og:site_name\" content=\"WHAI\" \/>\n<meta property=\"article:modified_time\" content=\"2025-03-13T19:45:33+00:00\" \/>\n<meta property=\"og:image\" content=\"https:\/\/whai.ca\/wp-content\/uploads\/whai-feature-image.jpg\" \/>\n\t<meta property=\"og:image:width\" content=\"1126\" \/>\n\t<meta property=\"og:image:height\" content=\"763\" \/>\n\t<meta property=\"og:image:type\" content=\"image\/jpeg\" \/>\n<meta name=\"twitter:card\" content=\"summary_large_image\" \/>\n<script type=\"application\/ld+json\" class=\"yoast-schema-graph\">{\"@context\":\"https:\\\/\\\/schema.org\",\"@graph\":[{\"@type\":\"WebPage\",\"@id\":\"https:\\\/\\\/whai.ca\\\/about\\\/commitments\\\/2slgbtq-solidarity-statement\\\/\",\"url\":\"https:\\\/\\\/whai.ca\\\/about\\\/commitments\\\/2slgbtq-solidarity-statement\\\/\",\"name\":\"WHAI\u2019s Statement of Solidarity for the Rights, Safety and Protection of 2SLGBTQ+ Communities - WHAI\",\"isPartOf\":{\"@id\":\"https:\\\/\\\/whai.ca\\\/#website\"},\"primaryImageOfPage\":{\"@id\":\"https:\\\/\\\/whai.ca\\\/about\\\/commitments\\\/2slgbtq-solidarity-statement\\\/#primaryimage\"},\"image\":{\"@id\":\"https:\\\/\\\/whai.ca\\\/about\\\/commitments\\\/2slgbtq-solidarity-statement\\\/#primaryimage\"},\"thumbnailUrl\":\"https:\\\/\\\/whai.ca\\\/wp-content\\\/uploads\\\/whai-feature-image.jpg\",\"datePublished\":\"2024-11-19T22:37:27+00:00\",\"dateModified\":\"2025-03-13T19:45:33+00:00\",\"description\":\"WHAI's Statement of Solidarity for the Rights, Safety and Protection of 2SLGBTQ+ Communities Amidst the rise in local and international discrimination and\",\"breadcrumb\":{\"@id\":\"https:\\\/\\\/whai.ca\\\/about\\\/commitments\\\/2slgbtq-solidarity-statement\\\/#breadcrumb\"},\"inLanguage\":\"fr-FR\",\"potentialAction\":[{\"@type\":\"ReadAction\",\"target\":[\"https:\\\/\\\/whai.ca\\\/about\\\/commitments\\\/2slgbtq-solidarity-statement\\\/\"]}]},{\"@type\":\"ImageObject\",\"inLanguage\":\"fr-FR\",\"@id\":\"https:\\\/\\\/whai.ca\\\/about\\\/commitments\\\/2slgbtq-solidarity-statement\\\/#primaryimage\",\"url\":\"https:\\\/\\\/whai.ca\\\/wp-content\\\/uploads\\\/whai-feature-image.jpg\",\"contentUrl\":\"https:\\\/\\\/whai.ca\\\/wp-content\\\/uploads\\\/whai-feature-image.jpg\",\"width\":1126,\"height\":763,\"caption\":\"WHAI logo with orange and purple floral designs, text \\\"Women & HIV\\\/AIDS Initiative.\"},{\"@type\":\"BreadcrumbList\",\"@id\":\"https:\\\/\\\/whai.ca\\\/about\\\/commitments\\\/2slgbtq-solidarity-statement\\\/#breadcrumb\",\"itemListElement\":[{\"@type\":\"ListItem\",\"position\":1,\"name\":\"Home\",\"item\":\"https:\\\/\\\/whai.ca\\\/\"},{\"@type\":\"ListItem\",\"position\":2,\"name\":\"Who We Are\",\"item\":\"https:\\\/\\\/whai.ca\\\/about\\\/\"},{\"@type\":\"ListItem\",\"position\":3,\"name\":\"Commitments Overview\",\"item\":\"https:\\\/\\\/whai.ca\\\/about\\\/commitments\\\/\"},{\"@type\":\"ListItem\",\"position\":4,\"name\":\"WHAI\u2019s Statement of Solidarity for the Rights, Safety and Protection of 2SLGBTQ+ Communities\"}]},{\"@type\":\"WebSite\",\"@id\":\"https:\\\/\\\/whai.ca\\\/#website\",\"url\":\"https:\\\/\\\/whai.ca\\\/\",\"name\":\"WHAI\",\"description\":\"Women &amp; HIV \\\/ AIDS Initiative c\\\/o Ontario AIDS Network\",\"potentialAction\":[{\"@type\":\"SearchAction\",\"target\":{\"@type\":\"EntryPoint\",\"urlTemplate\":\"https:\\\/\\\/whai.ca\\\/?s={search_term_string}\"},\"query-input\":{\"@type\":\"PropertyValueSpecification\",\"valueRequired\":true,\"valueName\":\"search_term_string\"}}],\"inLanguage\":\"fr-FR\"}]}<\/script>\n<!-- \/ Yoast SEO plugin. -->","yoast_head_json":{"title":"WHAI\u2019s Statement of Solidarity for the Rights, Safety and Protection of 2SLGBTQ+ Communities - WHAI","description":"WHAI's Statement of Solidarity for the Rights, Safety and Protection of 2SLGBTQ+ Communities Amidst the rise in local and international discrimination and","robots":{"index":"index","follow":"follow","max-snippet":"max-snippet:-1","max-image-preview":"max-image-preview:large","max-video-preview":"max-video-preview:-1"},"canonical":"https:\/\/whai.ca\/fr\/a-propos\/engagements\/declaration-de-solidarite-2slqbtq\/","og_locale":"fr_FR","og_type":"article","og_title":"WHAI\u2019s Statement of Solidarity for the Rights, Safety and Protection of 2SLGBTQ+ Communities - WHAI","og_description":"WHAI's Statement of Solidarity for the Rights, Safety and Protection of 2SLGBTQ+ Communities Amidst the rise in local and international discrimination and","og_url":"https:\/\/whai.ca\/fr\/a-propos\/engagements\/declaration-de-solidarite-2slqbtq\/","og_site_name":"WHAI","article_modified_time":"2025-03-13T19:45:33+00:00","og_image":[{"width":1126,"height":763,"url":"https:\/\/whai.ca\/wp-content\/uploads\/whai-feature-image.jpg","type":"image\/jpeg"}],"twitter_card":"summary_large_image","schema":{"@context":"https:\/\/schema.org","@graph":[{"@type":"WebPage","@id":"https:\/\/whai.ca\/about\/commitments\/2slgbtq-solidarity-statement\/","url":"https:\/\/whai.ca\/about\/commitments\/2slgbtq-solidarity-statement\/","name":"WHAI\u2019s Statement of Solidarity for the Rights, Safety and Protection of 2SLGBTQ+ Communities - WHAI","isPartOf":{"@id":"https:\/\/whai.ca\/#website"},"primaryImageOfPage":{"@id":"https:\/\/whai.ca\/about\/commitments\/2slgbtq-solidarity-statement\/#primaryimage"},"image":{"@id":"https:\/\/whai.ca\/about\/commitments\/2slgbtq-solidarity-statement\/#primaryimage"},"thumbnailUrl":"https:\/\/whai.ca\/wp-content\/uploads\/whai-feature-image.jpg","datePublished":"2024-11-19T22:37:27+00:00","dateModified":"2025-03-13T19:45:33+00:00","description":"WHAI's Statement of Solidarity for the Rights, Safety and Protection of 2SLGBTQ+ Communities Amidst the rise in local and international discrimination and","breadcrumb":{"@id":"https:\/\/whai.ca\/about\/commitments\/2slgbtq-solidarity-statement\/#breadcrumb"},"inLanguage":"fr-FR","potentialAction":[{"@type":"ReadAction","target":["https:\/\/whai.ca\/about\/commitments\/2slgbtq-solidarity-statement\/"]}]},{"@type":"ImageObject","inLanguage":"fr-FR","@id":"https:\/\/whai.ca\/about\/commitments\/2slgbtq-solidarity-statement\/#primaryimage","url":"https:\/\/whai.ca\/wp-content\/uploads\/whai-feature-image.jpg","contentUrl":"https:\/\/whai.ca\/wp-content\/uploads\/whai-feature-image.jpg","width":1126,"height":763,"caption":"WHAI logo with orange and purple floral designs, text \"Women & HIV\/AIDS Initiative."},{"@type":"BreadcrumbList","@id":"https:\/\/whai.ca\/about\/commitments\/2slgbtq-solidarity-statement\/#breadcrumb","itemListElement":[{"@type":"ListItem","position":1,"name":"Home","item":"https:\/\/whai.ca\/"},{"@type":"ListItem","position":2,"name":"Who We Are","item":"https:\/\/whai.ca\/about\/"},{"@type":"ListItem","position":3,"name":"Commitments Overview","item":"https:\/\/whai.ca\/about\/commitments\/"},{"@type":"ListItem","position":4,"name":"WHAI\u2019s Statement of Solidarity for the Rights, Safety and Protection of 2SLGBTQ+ Communities"}]},{"@type":"WebSite","@id":"https:\/\/whai.ca\/#website","url":"https:\/\/whai.ca\/","name":"WHAI","description":"Women &amp; HIV \/ AIDS Initiative c\/o Ontario AIDS Network","potentialAction":[{"@type":"SearchAction","target":{"@type":"EntryPoint","urlTemplate":"https:\/\/whai.ca\/?s={search_term_string}"},"query-input":{"@type":"PropertyValueSpecification","valueRequired":true,"valueName":"search_term_string"}}],"inLanguage":"fr-FR"}]}},"_links":{"self":[{"href":"https:\/\/whai.ca\/fr\/wp-json\/wp\/v2\/pages\/45230","targetHints":{"allow":["GET"]}}],"collection":[{"href":"https:\/\/whai.ca\/fr\/wp-json\/wp\/v2\/pages"}],"about":[{"href":"https:\/\/whai.ca\/fr\/wp-json\/wp\/v2\/types\/page"}],"author":[{"embeddable":true,"href":"https:\/\/whai.ca\/fr\/wp-json\/wp\/v2\/users\/2"}],"replies":[{"embeddable":true,"href":"https:\/\/whai.ca\/fr\/wp-json\/wp\/v2\/comments?post=45230"}],"version-history":[{"count":0,"href":"https:\/\/whai.ca\/fr\/wp-json\/wp\/v2\/pages\/45230\/revisions"}],"up":[{"embeddable":true,"href":"https:\/\/whai.ca\/fr\/wp-json\/wp\/v2\/pages\/45198"}],"wp:featuredmedia":[{"embeddable":true,"href":"https:\/\/whai.ca\/fr\/wp-json\/wp\/v2\/media\/45350"}],"wp:attachment":[{"href":"https:\/\/whai.ca\/fr\/wp-json\/wp\/v2\/media?parent=45230"}],"curies":[{"name":"wp","href":"https:\/\/api.w.org\/{rel}","templated":true}]}}