{"id":45198,"date":"2024-11-19T21:56:00","date_gmt":"2024-11-19T21:56:00","guid":{"rendered":"https:\/\/whai.ca\/?page_id=45198"},"modified":"2025-03-18T21:50:38","modified_gmt":"2025-03-18T21:50:38","slug":"engagements","status":"publish","type":"page","link":"https:\/\/whai.ca\/fr\/about\/commitments\/","title":{"rendered":"Nos engagements"},"content":{"rendered":"<h1>\n\t\tEngag\u00e9e envers l\u2019\u00e9quit\u00e9\n\t<\/h1>\n\t<p>\u200b\u200bL\u2019IFVS est profond\u00e9ment engag\u00e9e \u00e0 abolir les syst\u00e8mes d\u2019oppression et \u00e0 \u00e9tablir une responsabilit\u00e9 collective partag\u00e9e.<\/p>\n\t\t\t<a href=\"#our-commitments\" target=\"_self\">\n\t\t\t\t\t\t\tVoyez comment\n\t\t\t<\/a>\n<h2>\n\t\tNos engagements\n\t<\/h2>\n\t\t\t\t<a href=\"https:\/\/whai.ca\/fr\/a-propos\/engagements\/contre-le-racisme\/\" target=\"_self\" itemprop=\"url\">\n\t\t\t\t<img decoding=\"async\" src=\"https:\/\/whai.ca\/wp-content\/uploads\/icon_commitments_gender.svg\" alt=\"icon_commitments_gender\" itemprop=\"image\" title=\"icon_commitments_gender\" onerror=\"this.style.display='none'\"  \/>\n\t\t\t\t<\/a>\n<h3><a href=\"https:\/\/whai.ca\/fr\/a-propos\/engagements\/contre-le-racisme\/\" target=\"_self\">Engagement contre le racisme<\/a><\/h3><p>D\u00e9claration de l\u2019IFVS sur le racisme anti-noir, anti-autochtone, anti-asiatique et toutes les formes de racisme.<\/p>\n<a href=\"https:\/\/whai.ca\/fr\/a-propos\/engagements\/contre-le-racisme\/\"  target=\"_self\">En savoir plus<\/a>\t\n\t\t\t\t<a href=\"https:\/\/whai.ca\/fr\/a-propos\/engagements\/declaration-de-solidarite-2slqbtq\/\" target=\"_self\" itemprop=\"url\">\n\t\t\t\t<img decoding=\"async\" src=\"https:\/\/whai.ca\/wp-content\/uploads\/icon_commitmetns_hand.svg\" alt=\"icon_commitmetns_hand\" itemprop=\"image\" title=\"icon_commitmetns_hand\" onerror=\"this.style.display='none'\"  \/>\n\t\t\t\t<\/a>\n<h3><a href=\"https:\/\/whai.ca\/fr\/a-propos\/engagements\/declaration-de-solidarite-2slqbtq\/\" target=\"_self\">Solidarit\u00e9 2ELGBTQ+<\/a><\/h3><p>WHAI&#8217;s Statement of Solidarity for the Rights, Safety and Protection of 2SLGBTQ+ Communities.<\/p>\n<a href=\"https:\/\/whai.ca\/fr\/a-propos\/engagements\/declaration-de-solidarite-2slqbtq\/\"  target=\"_self\">En savoir plus<\/a>\t\n\t\t\t\t<a href=\"https:\/\/whai.ca\/fr\/a-propos\/engagements\/la-justice-reproductive\/\" target=\"_self\" itemprop=\"url\">\n\t\t\t\t<img decoding=\"async\" src=\"https:\/\/whai.ca\/wp-content\/uploads\/icon_commitments_gender_reprod.svg\" alt=\"icon_commitments_gender_reprod\" itemprop=\"image\" title=\"icon_commitments_gender_reprod\" onerror=\"this.style.display='none'\"  \/>\n\t\t\t\t<\/a>\n<h3><a href=\"https:\/\/whai.ca\/fr\/a-propos\/engagements\/la-justice-reproductive\/\" target=\"_self\">Justice reproductive<\/a><\/h3><p>Le plaidoyer pour la justice reproductive est d\u2019une importance cruciale pour le travail de l'IFVS.<\/p>\n<a href=\"https:\/\/whai.ca\/fr\/a-propos\/engagements\/la-justice-reproductive\/\"  target=\"_self\">En savoir plus<\/a>\t\n\t\t\t\t<a href=\"https:\/\/whai.ca\/fr\/a-propos\/engagements\/la-decriminalisation-du-travail-du-sexe\/\" target=\"_self\" itemprop=\"url\">\n\t\t\t\t<img decoding=\"async\" src=\"https:\/\/whai.ca\/wp-content\/uploads\/icon_commitments_umbrella.svg\" alt=\"icon_commitments_umbrella\" itemprop=\"image\" title=\"icon_commitments_umbrella\" onerror=\"this.style.display='none'\"  \/>\n\t\t\t\t<\/a>\n<h3><a href=\"https:\/\/whai.ca\/fr\/a-propos\/engagements\/la-decriminalisation-du-travail-du-sexe\/\" target=\"_self\">D\u00e9criminalisation du travail du sexe<\/a><\/h3><p class=\"translation-block\">L\u2019IFVS est solidaire des travailleuse(-eur)s du sexe et des initiatives \u00e0 l\u2019appui de leurs droits, en Ontario, dans la lutte pour d\u00e9criminaliser enti\u00e8rement le travail du sexe.<\/p>\n<a href=\"https:\/\/whai.ca\/fr\/a-propos\/engagements\/la-decriminalisation-du-travail-du-sexe\/\"  target=\"_self\">En savoir plus<\/a>\t\n\t\t\t\t<a href=\"https:\/\/whai.ca\/fr\/a-propos\/engagements\/sites-de-consommation-supervisee\/\" target=\"_self\" itemprop=\"url\">\n\t\t\t\t<img decoding=\"async\" src=\"https:\/\/whai.ca\/wp-content\/uploads\/icon_commitments_seringe.svg\" alt=\"icon_commitments_seringe\" itemprop=\"image\" title=\"icon_commitments_seringe\" onerror=\"this.style.display='none'\"  \/>\n\t\t\t\t<\/a>\n<h3><a href=\"https:\/\/whai.ca\/fr\/a-propos\/engagements\/sites-de-consommation-supervisee\/\" target=\"_self\">Sites de consommation supervis\u00e9e<\/a><\/h3><p>Les sites de consommation supervis\u00e9e s\u2019alignent sur les valeurs de l'IFVS et les domaines prioritaires de son travail.<\/p>\n<a href=\"https:\/\/whai.ca\/fr\/a-propos\/engagements\/sites-de-consommation-supervisee\/\"  target=\"_self\">En savoir plus<\/a>","protected":false},"excerpt":{"rendered":"","protected":false},"author":2,"featured_media":45350,"parent":45178,"menu_order":1,"comment_status":"closed","ping_status":"closed","template":"","meta":{"_acf_changed":false,"inline_featured_image":false,"footnotes":""},"class_list":["post-45198","page","type-page","status-publish","has-post-thumbnail","hentry"],"acf":[],"yoast_head":"<!-- This site is optimized with the Yoast SEO plugin v27.4 - https:\/\/yoast.com\/product\/yoast-seo-wordpress\/ -->\n<title>Commitments Overview - WHAI<\/title>\n<meta name=\"description\" content=\"Committed to Equity WHAI is deeply committed to dismantling systems of oppression and creating shared collective accountability. See How Our Commitments\" \/>\n<meta name=\"robots\" content=\"index, follow, max-snippet:-1, max-image-preview:large, max-video-preview:-1\" \/>\n<link rel=\"canonical\" href=\"https:\/\/whai.ca\/fr\/a-propos\/engagements\/\" \/>\n<meta property=\"og:locale\" content=\"fr_FR\" \/>\n<meta property=\"og:type\" content=\"article\" \/>\n<meta property=\"og:title\" content=\"Commitments Overview - WHAI\" \/>\n<meta property=\"og:description\" content=\"Committed to Equity WHAI is deeply committed to dismantling systems of oppression and creating shared collective accountability. See How Our Commitments\" \/>\n<meta property=\"og:url\" content=\"https:\/\/whai.ca\/fr\/a-propos\/engagements\/\" \/>\n<meta property=\"og:site_name\" content=\"WHAI\" \/>\n<meta property=\"article:modified_time\" content=\"2025-03-18T21:50:38+00:00\" \/>\n<meta property=\"og:image\" content=\"https:\/\/whai.ca\/wp-content\/uploads\/whai-feature-image.jpg\" \/>\n\t<meta property=\"og:image:width\" content=\"1126\" \/>\n\t<meta property=\"og:image:height\" content=\"763\" \/>\n\t<meta property=\"og:image:type\" content=\"image\/jpeg\" \/>\n<meta name=\"twitter:card\" content=\"summary_large_image\" \/>\n<meta name=\"twitter:label1\" content=\"Dur\u00e9e de lecture estim\u00e9e\" \/>\n\t<meta name=\"twitter:data1\" content=\"2 minutes\" \/>\n<script type=\"application\/ld+json\" class=\"yoast-schema-graph\">{\"@context\":\"https:\\\/\\\/schema.org\",\"@graph\":[{\"@type\":\"WebPage\",\"@id\":\"https:\\\/\\\/whai.ca\\\/about\\\/commitments\\\/\",\"url\":\"https:\\\/\\\/whai.ca\\\/about\\\/commitments\\\/\",\"name\":\"Commitments Overview - WHAI\",\"isPartOf\":{\"@id\":\"https:\\\/\\\/whai.ca\\\/#website\"},\"primaryImageOfPage\":{\"@id\":\"https:\\\/\\\/whai.ca\\\/about\\\/commitments\\\/#primaryimage\"},\"image\":{\"@id\":\"https:\\\/\\\/whai.ca\\\/about\\\/commitments\\\/#primaryimage\"},\"thumbnailUrl\":\"https:\\\/\\\/whai.ca\\\/wp-content\\\/uploads\\\/whai-feature-image.jpg\",\"datePublished\":\"2024-11-19T21:56:00+00:00\",\"dateModified\":\"2025-03-18T21:50:38+00:00\",\"description\":\"Committed to Equity WHAI is deeply committed to dismantling systems of oppression and creating shared collective accountability. See How Our Commitments\",\"breadcrumb\":{\"@id\":\"https:\\\/\\\/whai.ca\\\/about\\\/commitments\\\/#breadcrumb\"},\"inLanguage\":\"fr-FR\",\"potentialAction\":[{\"@type\":\"ReadAction\",\"target\":[\"https:\\\/\\\/whai.ca\\\/about\\\/commitments\\\/\"]}]},{\"@type\":\"ImageObject\",\"inLanguage\":\"fr-FR\",\"@id\":\"https:\\\/\\\/whai.ca\\\/about\\\/commitments\\\/#primaryimage\",\"url\":\"https:\\\/\\\/whai.ca\\\/wp-content\\\/uploads\\\/whai-feature-image.jpg\",\"contentUrl\":\"https:\\\/\\\/whai.ca\\\/wp-content\\\/uploads\\\/whai-feature-image.jpg\",\"width\":1126,\"height\":763,\"caption\":\"WHAI logo with orange and purple floral designs, text \\\"Women & HIV\\\/AIDS Initiative.\"},{\"@type\":\"BreadcrumbList\",\"@id\":\"https:\\\/\\\/whai.ca\\\/about\\\/commitments\\\/#breadcrumb\",\"itemListElement\":[{\"@type\":\"ListItem\",\"position\":1,\"name\":\"Home\",\"item\":\"https:\\\/\\\/whai.ca\\\/\"},{\"@type\":\"ListItem\",\"position\":2,\"name\":\"Who We Are\",\"item\":\"https:\\\/\\\/whai.ca\\\/about\\\/\"},{\"@type\":\"ListItem\",\"position\":3,\"name\":\"Commitments Overview\"}]},{\"@type\":\"WebSite\",\"@id\":\"https:\\\/\\\/whai.ca\\\/#website\",\"url\":\"https:\\\/\\\/whai.ca\\\/\",\"name\":\"WHAI\",\"description\":\"Women &amp; HIV \\\/ AIDS Initiative c\\\/o Ontario AIDS Network\",\"potentialAction\":[{\"@type\":\"SearchAction\",\"target\":{\"@type\":\"EntryPoint\",\"urlTemplate\":\"https:\\\/\\\/whai.ca\\\/?s={search_term_string}\"},\"query-input\":{\"@type\":\"PropertyValueSpecification\",\"valueRequired\":true,\"valueName\":\"search_term_string\"}}],\"inLanguage\":\"fr-FR\"}]}<\/script>\n<!-- \/ Yoast SEO plugin. -->","yoast_head_json":{"title":"Commitments Overview - WHAI","description":"Committed to Equity WHAI is deeply committed to dismantling systems of oppression and creating shared collective accountability. See How Our Commitments","robots":{"index":"index","follow":"follow","max-snippet":"max-snippet:-1","max-image-preview":"max-image-preview:large","max-video-preview":"max-video-preview:-1"},"canonical":"https:\/\/whai.ca\/fr\/a-propos\/engagements\/","og_locale":"fr_FR","og_type":"article","og_title":"Commitments Overview - WHAI","og_description":"Committed to Equity WHAI is deeply committed to dismantling systems of oppression and creating shared collective accountability. See How Our Commitments","og_url":"https:\/\/whai.ca\/fr\/a-propos\/engagements\/","og_site_name":"WHAI","article_modified_time":"2025-03-18T21:50:38+00:00","og_image":[{"width":1126,"height":763,"url":"https:\/\/whai.ca\/wp-content\/uploads\/whai-feature-image.jpg","type":"image\/jpeg"}],"twitter_card":"summary_large_image","twitter_misc":{"Dur\u00e9e de lecture estim\u00e9e":"2 minutes"},"schema":{"@context":"https:\/\/schema.org","@graph":[{"@type":"WebPage","@id":"https:\/\/whai.ca\/about\/commitments\/","url":"https:\/\/whai.ca\/about\/commitments\/","name":"Commitments Overview - WHAI","isPartOf":{"@id":"https:\/\/whai.ca\/#website"},"primaryImageOfPage":{"@id":"https:\/\/whai.ca\/about\/commitments\/#primaryimage"},"image":{"@id":"https:\/\/whai.ca\/about\/commitments\/#primaryimage"},"thumbnailUrl":"https:\/\/whai.ca\/wp-content\/uploads\/whai-feature-image.jpg","datePublished":"2024-11-19T21:56:00+00:00","dateModified":"2025-03-18T21:50:38+00:00","description":"Committed to Equity WHAI is deeply committed to dismantling systems of oppression and creating shared collective accountability. See How Our Commitments","breadcrumb":{"@id":"https:\/\/whai.ca\/about\/commitments\/#breadcrumb"},"inLanguage":"fr-FR","potentialAction":[{"@type":"ReadAction","target":["https:\/\/whai.ca\/about\/commitments\/"]}]},{"@type":"ImageObject","inLanguage":"fr-FR","@id":"https:\/\/whai.ca\/about\/commitments\/#primaryimage","url":"https:\/\/whai.ca\/wp-content\/uploads\/whai-feature-image.jpg","contentUrl":"https:\/\/whai.ca\/wp-content\/uploads\/whai-feature-image.jpg","width":1126,"height":763,"caption":"WHAI logo with orange and purple floral designs, text \"Women & HIV\/AIDS Initiative."},{"@type":"BreadcrumbList","@id":"https:\/\/whai.ca\/about\/commitments\/#breadcrumb","itemListElement":[{"@type":"ListItem","position":1,"name":"Home","item":"https:\/\/whai.ca\/"},{"@type":"ListItem","position":2,"name":"Who We Are","item":"https:\/\/whai.ca\/about\/"},{"@type":"ListItem","position":3,"name":"Commitments Overview"}]},{"@type":"WebSite","@id":"https:\/\/whai.ca\/#website","url":"https:\/\/whai.ca\/","name":"WHAI","description":"Women &amp; HIV \/ AIDS Initiative c\/o Ontario AIDS Network","potentialAction":[{"@type":"SearchAction","target":{"@type":"EntryPoint","urlTemplate":"https:\/\/whai.ca\/?s={search_term_string}"},"query-input":{"@type":"PropertyValueSpecification","valueRequired":true,"valueName":"search_term_string"}}],"inLanguage":"fr-FR"}]}},"_links":{"self":[{"href":"https:\/\/whai.ca\/fr\/wp-json\/wp\/v2\/pages\/45198","targetHints":{"allow":["GET"]}}],"collection":[{"href":"https:\/\/whai.ca\/fr\/wp-json\/wp\/v2\/pages"}],"about":[{"href":"https:\/\/whai.ca\/fr\/wp-json\/wp\/v2\/types\/page"}],"author":[{"embeddable":true,"href":"https:\/\/whai.ca\/fr\/wp-json\/wp\/v2\/users\/2"}],"replies":[{"embeddable":true,"href":"https:\/\/whai.ca\/fr\/wp-json\/wp\/v2\/comments?post=45198"}],"version-history":[{"count":0,"href":"https:\/\/whai.ca\/fr\/wp-json\/wp\/v2\/pages\/45198\/revisions"}],"up":[{"embeddable":true,"href":"https:\/\/whai.ca\/fr\/wp-json\/wp\/v2\/pages\/45178"}],"wp:featuredmedia":[{"embeddable":true,"href":"https:\/\/whai.ca\/fr\/wp-json\/wp\/v2\/media\/45350"}],"wp:attachment":[{"href":"https:\/\/whai.ca\/fr\/wp-json\/wp\/v2\/media?parent=45198"}],"curies":[{"name":"wp","href":"https:\/\/api.w.org\/{rel}","templated":true}]}}