{"id":45178,"date":"2024-11-18T16:14:40","date_gmt":"2024-11-18T16:14:40","guid":{"rendered":"https:\/\/whai.ca\/?page_id=45178"},"modified":"2026-04-21T19:08:30","modified_gmt":"2026-04-21T19:08:30","slug":"a-propos","status":"publish","type":"page","link":"https:\/\/whai.ca\/fr\/about\/","title":{"rendered":"Qui nous sommes"},"content":{"rendered":"<h1>\n\t\t\tQui nous sommes\t<\/h1>\n\t<p>L\u2019IFVS est une r\u00e9ponse communautaire au VIH et au sida parmi les femmes et les personnes de genres divers de l\u2019Ontario.<\/p>\n\t\t\t<a href=\"javascript:void(0)\" title=\"Une note sur le genre.\" target=\"_self\"  data-modal=  \"role=\"button\"\" aria-label=\"Une note sur le genre.\">\n\t\t\t\t\t\t\tUne note sur le genre.\n\t\t<\/a>\n\t\t\t<button aria-label=\"Close Flyout\">\n\t\t\t\t\t\t\t<\/button>\n\t\t\t\t\t\t\t<h2>Une note sur le genre.\n<\/h2><p>&#8216;Woman&#8217; and &#8216;Women&#8217;<\/p>\n<p class=\"translation-block\">L'IFVS donne la priorit\u00e9 au travail avec les <strong>femmes<\/strong> cis et trans, les personnes bispirituelles et non binaires qui vivent avec le VIH et\/ou qui sont africaines, cara\u00efb\u00e9ennes, noires, autochtones, nouvelles arrivantes, qui consomment des drogues ou des substances, ont des exp\u00e9riences de violence et\/ou ont \u00e9t\u00e9\/sont incarc\u00e9r\u00e9es.<\/p>\n<p>Throughout our website, the term &#8216;<strong>femmes<\/strong>&#8216; is bold to remind us of the importance of prioritizing and centring communities of women who face disproportionate structural risk factors related to HIV, as well as being a reminder that gender is not binary, and the importance of thoughtfulness towards inclusivity for Trans, Two-Spirit, and Non-Binary people in WHAI work. Identities are capitalized throughout, except &#8220;cis.&#8221; This is to remind us of the privilege and space afforded cis people, and to support the amplification of identities outside gender-binary constructions.<\/p>\n\t\t<h2>\n\t\t\t\u00c0 propos de l'IFVS\t<\/h2>\n\t<p>WHAI&#8217;s work across Ontario is rooted in the principles of community development and collective impact.<\/p>\n\t\t\t<a href=\"https:\/\/whai.ca\/fr\/communiquez-avec-nous\/\"  target=\"_self\">\n\t\t\t\t\t\t\tTrouvez des services VIH\n\t\t\t<\/a>\n\t\t\t\t<img decoding=\"async\" src=\"https:\/\/whai.ca\/wp-content\/uploads\/icon_people_heart.svg\" alt=\"icon_people_heart\" itemprop=\"image\" title=\"icon_people_heart\" onerror=\"this.style.display='none'\"  \/>\n\t\t17+\n\t\t\t\t\tOur network is currently made up of 17+ WHAI Coordinators.\n\t\t\t\t<img decoding=\"async\" src=\"https:\/\/whai.ca\/wp-content\/uploads\/icon_ribbon.svg\" alt=\"icon_ribbon\" itemprop=\"image\" title=\"icon_ribbon\" onerror=\"this.style.display='none'\"  \/>\n\t\t16\n\t\t\t\t\tThese coordinators are located in 16 regions throughout Ontario.\n<h2>\n\t\t\tNos buts\t<\/h2>\n\t\t\t\t<img decoding=\"async\" src=\"https:\/\/whai.ca\/wp-content\/uploads\/icon_goals_family.svg\" alt=\"icon_goals_family\" itemprop=\"image\" title=\"icon_goals_family\" onerror=\"this.style.display='none'\"  \/>\n\t<p>R\u00e9duire le risque de VIH chez \nles femmes et les personnes de genres divers affect\u00e9es de mani\u00e8re disproportionn\u00e9e par l\u2019infection.<\/p>\n\t\t\t\t<img decoding=\"async\" src=\"https:\/\/whai.ca\/wp-content\/uploads\/icon_2hands.svg\" alt=\"icon_2hands\" itemprop=\"image\" title=\"icon_2hands\" onerror=\"this.style.display='none'\"  \/>\n\t<p>Renforcer la capacit\u00e9 communautaire locale de r\u00e9pondre au VIH.<\/p>\n\t\t\t\t<img decoding=\"async\" src=\"https:\/\/whai.ca\/wp-content\/uploads\/icon_goals_lock.svg\" alt=\"icon_goals_lock\" itemprop=\"image\" title=\"icon_goals_lock\" onerror=\"this.style.display='none'\"  \/>\n\t<p>D\u00e9velopper des milieux s\u00fbrs pour soutenir les besoins li\u00e9s au VIH chez les femmes et personnes de genres divers.<\/p>\n<h2>\n\t\t\tEngag\u00e9e envers l\u2019\u00e9quit\u00e9\t<\/h2>\n\t<p>Nos engagements organisationnels refl\u00e8tent nos priorit\u00e9s et nos valeurs.<\/p>\n\t\t\t<a href=\"https:\/\/whai.ca\/fr\/a-propos\/engagements\/\"  target=\"_self\">\n\t\t\t\t\t\t\tLisez nos engagements\n\t\t\t<\/a>\n<h2>\n\t\t\tNotre \u00e9quipe d\u00e9vou\u00e9e\t<\/h2>\n\t            <div class=\"people-container columncount3 foldable\">\r\n                <ul class=\"people-list\">\r\n\r\n                \r\n                        <li class=\"people-list_item\">\r\n                            <div class=\"people--img\">\r\n                                                                    <img decoding=\"async\" src=\"https:\/\/whai.ca\/wp-content\/uploads\/molly.jpg\" alt=\"Woman with long hair, wearing a black shirt and gold earrings, smiles at the camera against a light blue background.\" \/>\r\n                                                            <\/div>\r\n                            <div class=\"item--details\">\r\n                                <h3 class='people-name'>Molly Bannerman (elle)<\/h3>\r\n                                <h4 class='people-role'>Directrice provinciale<\/h4>\r\n                                <div>\r\n\t\t\t\t\t\t\t\t    <div class=\"moreDetails small\"><p>Molly Bannerman (elle) travaille dans le domaine du d\u00e9veloppement communautaire et du travail social, avec un point de mire sur la r\u00e9duction des m\u00e9faits et la pr\u00e9vention des surdoses, la sant\u00e9 sexuelle, l\u2019\u00e9galit\u00e9 des genres, la pratique artistique, la recherche communautaire et la r\u00e9solution r\u00e9paratrice des conflits, depuis le d\u00e9but des ann\u00e9es 2000. Elle a grandi entre Galt (Ontario), sur le territoire de Haldimand Tract, qui est partie au Trait\u00e9 3, et Oliphant, sur le lac Huron, sur le territoire de la Premi\u00e8re Nation des Chippewas de Nawash, qui est partie au Trait\u00e9 72. Molly a obtenu une ma\u00eetrise en travail social \u00e0 l\u2019Universit\u00e9 de Toronto et travaille actuellement comme directrice provinciale de l\u2019Initiative Femmes et VIH\/sida de l\u2019Ontario.<\/p>\n<p><a href=\"mailto:mbannerman@whai.ca\">mbannerman@whai.ca<\/a><br \/>\n416-364-4555, poste 321<\/p>\n<\/div>\r\n                                                                            <div>\r\n                                            <button class=\"moreBtn\">En savoir plus<\/button>\r\n                                        <\/div>\r\n                                                                        <div>\r\n                                    <\/div>\r\n                                <\/div>\r\n                            <\/div>\r\n                        <\/li>\r\n\r\n                        \r\n                        <li class=\"people-list_item\">\r\n                            <div class=\"people--img\">\r\n                                                                    <img decoding=\"async\" src=\"https:\/\/whai.ca\/wp-content\/uploads\/IMG_3336-scaled.jpg\" alt=\"\" \/>\r\n                                                            <\/div>\r\n                            <div class=\"item--details\">\r\n                                <h3 class='people-name'>Kristin Boyer (iel\u00b7le)<\/h3>\r\n                                <h4 class='people-role'>Responsable des programmes<\/h4>\r\n                                <div>\r\n\t\t\t\t\t\t\t\t    <div class=\"moreDetails small\"><p>Kristin Boyer (iel\u00b7le) a une exp\u00e9rience du plaidoyer pour la justice sociale \u00e0 l\u2019\u00e9chelon communautaire, notamment en mati\u00e8re de r\u00e9duction des m\u00e9faits, de violence fond\u00e9e sur le genre et de sensibilisation au sujet de la pauvret\u00e9 et de l\u2019ins\u00e9curit\u00e9 alimentaire. Son int\u00e9r\u00eat particulier pour la sant\u00e9 communautaire l\u2019a conduit\u00b7e \u00e0 faire du b\u00e9n\u00e9volat et \u00e0 travailler pour le choix \u00e9clair\u00e9 et l\u2019acc\u00e8s aux services pour les personnes enceintes et qui accouchent, ainsi que dans les domaines de l\u2019\u00e9ducation sexuelle et de la pr\u00e9vention des surdoses. \u00c9lev\u00e9e dans le sud de l\u2019Ontario, Kristin a \u00e9tudi\u00e9 \u00e0 l\u2019Universit\u00e9 de Guelph ainsi qu\u2019\u00e0 l\u2019Universit\u00e9 Lakehead \u00e0 Thunder Bay, o\u00f9 iel\u00b7le a r\u00e9sid\u00e9 pendant de nombreuses ann\u00e9es. Kristin habite actuellement \u00e0 Toronto et travaille avec l\u2019\u00e9quipe de l\u2019Initiative Femmes et VIH\/sida (IFVS) de l\u2019Ontario en tant que responsable de programme.<\/p>\n<p><a href=\"mailto:kboyer@whai.ca\">kboyer@whai.ca<\/a><br \/>\n416-364-4555, poste 322<\/p>\n<\/div>\r\n                                                                            <div>\r\n                                            <button class=\"moreBtn\">En savoir plus<\/button>\r\n                                        <\/div>\r\n                                                                        <div>\r\n                                    <\/div>\r\n                                <\/div>\r\n                            <\/div>\r\n                        <\/li>\r\n\r\n                        \r\n                        <li class=\"people-list_item\">\r\n                            <div class=\"people--img\">\r\n                                                                    <img decoding=\"async\" src=\"https:\/\/whai.ca\/wp-content\/uploads\/maddie.jpg\" alt=\"A person with long dark hair smiles softly against a plain background.\" \/>\r\n                                                            <\/div>\r\n                            <div class=\"item--details\">\r\n                                <h3 class='people-name'>Maddie Yim (elle)<\/h3>\r\n                                <h4 class='people-role'>Coordonnatrice du d\u00e9veloppement des ressources et des m\u00e9dias sociaux<\/h4>\r\n                                <div>\r\n\t\t\t\t\t\t\t\t    <div class=\"moreDetails small\"><p>Maddie Yim (elle) est coordonnatrice du d\u00e9veloppement des ressources et des m\u00e9dias sociaux pour l\u2019Initiative Femmes et VIH\/sida (IFVS). Avant d\u2019occuper ce poste, elle a obtenu son dipl\u00f4me de l\u2019\u00c9cole de travail social de l\u2019Universit\u00e9 de Windsor en 2022 et est devenue coordonnatrice pour l\u2019IFVS au sein de l\u2019organisme Pozitive Pathways, o\u00f9 elle a contribu\u00e9 \u00e0 des programmes d\u2019\u00e9ducation et de soutien pour les femmes, ax\u00e9s sur la pr\u00e9vention et le d\u00e9pistage du VIH, la r\u00e9duction des m\u00e9faits et les liens communautaires. Forte de plusieurs ann\u00e9es d\u2019exp\u00e9rience b\u00e9n\u00e9vole dans le domaine du d\u00e9veloppement de ressources et d\u2019un engagement profond pour la justice sociale, Maddie poursuit son objectif de cr\u00e9er des ressources communautaires accessibles, inclusives et habilitantes.<\/p>\n<p><a href=\"mailto:myim@whai.ca\">myim@whai.ca<\/a><br \/>\n416-364-4555, poste 324<\/p>\n<\/div>\r\n                                                                            <div>\r\n                                            <button class=\"moreBtn\">En savoir plus<\/button>\r\n                                        <\/div>\r\n                                                                        <div>\r\n                                    <\/div>\r\n                                <\/div>\r\n                            <\/div>\r\n                        <\/li>\r\n\r\n                        \r\n                        <li class=\"people-list_item\">\r\n                            <div class=\"people--img\">\r\n                                                                    <img decoding=\"async\" src=\"https:\/\/whai.ca\/wp-content\/uploads\/Mercy-bio-pic.jpg\" alt=\"\" \/>\r\n                                                            <\/div>\r\n                            <div class=\"item--details\">\r\n                                <h3 class='people-name'>Mercy Majachani (elle)<\/h3>\r\n                                <h4 class='people-role'>Responsable de l\u2019\u00e9valuation et de l\u2019application des connaissances<\/h4>\r\n                                <div>\r\n\t\t\t\t\t\t\t\t    <div class=\"moreDetails small\"><p>Mercy (elle) poss\u00e8de une vaste exp\u00e9rience dans les programmes sur le VIH, l'engagement communautaire et la recherche communautaire, acquise au cours de plusieurs ann\u00e9es de travail direct avec les populations les plus touch\u00e9es par le VIH. Son travail s'est concentr\u00e9 sur la pr\u00e9vention du VIH, la violence bas\u00e9e sur le genre et la r\u00e9duction de la stigmatisation, en particulier parmi les femmes et les personnes de genres divers, les communaut\u00e9s racialis\u00e9es et les personnes 2S\/LGBTIQA+. Mercy a grandi et a fait ses \u00e9tudes au Zimbabwe et d\u00e9tient un master en Big Data Analytics de l'Universit\u00e9 de Technologie de Chinhoyi. Elle occupe actuellement le poste de Coordinatrice de l'\u00c9valuation et de la Traduction des Connaissances au sein de l'\u00c9quipe Provinciale WHAI.<\/p>\n<p><a href=\"mailto:mmajachani@whai.ca\" target=\"_blank\" rel=\"noopener\">mmajachani@whai.ca<\/a><br \/>\n416-364-4555 poste 320<\/p>\n<p>&nbsp;<\/p>\n<p>&nbsp;<\/p>\n<\/div>\r\n                                                                            <div>\r\n                                            <button class=\"moreBtn\">En savoir plus<\/button>\r\n                                        <\/div>\r\n                                                                        <div>\r\n                                    <\/div>\r\n                                <\/div>\r\n                            <\/div>\r\n                        <\/li>\r\n\r\n                        \r\n                <\/ul>\r\n            <\/div>\r\n        \n<h2>\n\t\t\tCoordonnatrices locales\t<\/h2>\n\t<p>Vous pouvez communiquer directement avec un coordonnatrice locale de l\u2019IFVS aux endroits suivants :<\/p>\n\t\t\t<a href=\"https:\/\/whai.ca\/fr\/communiquez-avec-nous\/#coordinators\"  target=\"_self\">\n\t\t\t\t\t\t\tTrouvez une coordonnatrice locale\n\t\t\t<\/a>\n<h2>\n\t\t\tNotre approche\t<\/h2>\n\t<p class=\"translation-block\">Le travail de l'IFVS s\u2019articule autour de <strong>6 domaines prioritaires<\/strong> ancr\u00e9s dans les principes de d\u00e9veloppement communautaire et d\u2019impact collectif.<\/p>\n\t\t\t<a href=\"https:\/\/whai.ca\/fr\/notre-travail\/\"  target=\"_self\">\n\t\t\t\t\t\t\tEn savoir plus sur notre travail\n\t\t\t<\/a>\n<h3>\n\t\t\tNos domaines prioritaires\t<\/h3>\n\t<ul>\n\t\t<li>\t\t\n\t\t\t\t<img decoding=\"async\" src=\"https:\/\/whai.ca\/wp-content\/uploads\/icon_chatplus.svg\" alt=\"icon_chatplus\" title=\"icon_chatplus\" itemprop=\"image\"\/>\n\t\t<a href=\"https:\/\/whai.ca\/fr\/notre-travail\/education-prevention-soins-et-soutien\/\" target=\"_self\"  aria-label=\"Go to https:\/\/whai.ca\/our-work\/hiv-education-prevention-care-support\/\">\u00c9ducation, pr\u00e9vention, soins et soutien<\/a><\/li><li>\t\t\n\t\t\t\t<img decoding=\"async\" src=\"https:\/\/whai.ca\/wp-content\/uploads\/icon_2hands.svg\" alt=\"icon_2hands\" title=\"icon_2hands\" itemprop=\"image\"\/>\n\t\t<a href=\"https:\/\/whai.ca\/fr\/notre-travail\/lien-avec-la-communaute\/\" target=\"_self\"  aria-label=\"Go to https:\/\/whai.ca\/our-work\/community-connection\/\">Lien avec la communaut\u00e9<\/a><\/li><li>\t\t\n\t\t\t\t<img decoding=\"async\" src=\"https:\/\/whai.ca\/wp-content\/uploads\/icon_harvibes.svg\" alt=\"icon_harvibes\" title=\"icon_harvibes\" itemprop=\"image\"\/>\n\t\t<a href=\"https:\/\/whai.ca\/fr\/notre-travail\/soins-holistiques\/\" target=\"_self\"  aria-label=\"Go to https:\/\/whai.ca\/our-work\/wholistic-care\/\">Soins holistiques<\/a><\/li><li>\t\t\n\t\t\t\t<img decoding=\"async\" src=\"https:\/\/whai.ca\/wp-content\/uploads\/icon_safety.svg\" alt=\"icon_safety\" title=\"icon_safety\" itemprop=\"image\"\/>\n\t\t<a href=\"https:\/\/whai.ca\/fr\/notre-travail\/securite\/\" target=\"_self\"  aria-label=\"Go to https:\/\/whai.ca\/our-work\/safety\/\">S\u00e9curit\u00e9<\/a><\/li><li>\t\t\n\t\t\t\t<img decoding=\"async\" src=\"https:\/\/whai.ca\/wp-content\/uploads\/icon_flower.svg\" alt=\"icon_flower\" title=\"icon_flower\" itemprop=\"image\"\/>\n\t\t<a href=\"https:\/\/whai.ca\/fr\/notre-travail\/reduction-des-mefaits-centree-sur-les-femmes\/\" target=\"_self\"  aria-label=\"Go to https:\/\/whai.ca\/our-work\/women-centred-harm-reduction\/\">R\u00e9duction des m\u00e9faits centr\u00e9e sur les femmes et les personnes de genres divers<\/a><\/li><li>\t\t\n\t\t\t\t<img decoding=\"async\" src=\"https:\/\/whai.ca\/wp-content\/uploads\/icon_money.svg\" alt=\"icon_money\" title=\"icon_money\" itemprop=\"image\"\/>\n\t\t<a href=\"https:\/\/whai.ca\/fr\/notre-travail\/autonomie-economique\/\" target=\"_self\"  aria-label=\"Go to https:\/\/whai.ca\/our-work\/economic-autonomy\/\">Autonomie \u00e9conomique<\/a><\/li>\t<\/ul>","protected":false},"excerpt":{"rendered":"","protected":false},"author":2,"featured_media":45350,"parent":0,"menu_order":0,"comment_status":"closed","ping_status":"closed","template":"","meta":{"_acf_changed":false,"inline_featured_image":false,"footnotes":""},"class_list":["post-45178","page","type-page","status-publish","has-post-thumbnail","hentry"],"acf":[],"yoast_head":"<!-- This site is optimized with the Yoast SEO plugin v27.4 - https:\/\/yoast.com\/product\/yoast-seo-wordpress\/ -->\n<title>Who We Are - WHAI<\/title>\n<meta name=\"description\" content=\"Who We Are WHAI is a community-based response to HIV and AIDS among women and gender-diverse people in Ontario. A Note About Gender A Note About Gender.\" \/>\n<meta name=\"robots\" content=\"index, follow, max-snippet:-1, max-image-preview:large, max-video-preview:-1\" \/>\n<link rel=\"canonical\" href=\"https:\/\/whai.ca\/fr\/a-propos\/\" \/>\n<meta property=\"og:locale\" content=\"fr_FR\" \/>\n<meta property=\"og:type\" content=\"article\" \/>\n<meta property=\"og:title\" content=\"Who We Are - WHAI\" \/>\n<meta property=\"og:description\" content=\"Who We Are WHAI is a community-based response to HIV and AIDS among women and gender-diverse people in Ontario. A Note About Gender A Note About Gender.\" \/>\n<meta property=\"og:url\" content=\"https:\/\/whai.ca\/fr\/a-propos\/\" \/>\n<meta property=\"og:site_name\" content=\"WHAI\" \/>\n<meta property=\"article:modified_time\" content=\"2026-04-21T19:08:30+00:00\" \/>\n<meta property=\"og:image\" content=\"https:\/\/whai.ca\/wp-content\/uploads\/whai-feature-image.jpg\" \/>\n\t<meta property=\"og:image:width\" content=\"1126\" \/>\n\t<meta property=\"og:image:height\" content=\"763\" \/>\n\t<meta property=\"og:image:type\" content=\"image\/jpeg\" \/>\n<meta name=\"twitter:card\" content=\"summary_large_image\" \/>\n<meta name=\"twitter:label1\" content=\"Dur\u00e9e de lecture estim\u00e9e\" \/>\n\t<meta name=\"twitter:data1\" content=\"10 minutes\" \/>\n<script type=\"application\/ld+json\" class=\"yoast-schema-graph\">{\"@context\":\"https:\\\/\\\/schema.org\",\"@graph\":[{\"@type\":\"WebPage\",\"@id\":\"https:\\\/\\\/whai.ca\\\/about\\\/\",\"url\":\"https:\\\/\\\/whai.ca\\\/about\\\/\",\"name\":\"Who We Are - WHAI\",\"isPartOf\":{\"@id\":\"https:\\\/\\\/whai.ca\\\/#website\"},\"primaryImageOfPage\":{\"@id\":\"https:\\\/\\\/whai.ca\\\/about\\\/#primaryimage\"},\"image\":{\"@id\":\"https:\\\/\\\/whai.ca\\\/about\\\/#primaryimage\"},\"thumbnailUrl\":\"https:\\\/\\\/whai.ca\\\/wp-content\\\/uploads\\\/whai-feature-image.jpg\",\"datePublished\":\"2024-11-18T16:14:40+00:00\",\"dateModified\":\"2026-04-21T19:08:30+00:00\",\"description\":\"Who We Are WHAI is a community-based response to HIV and AIDS among women and gender-diverse people in Ontario. A Note About Gender A Note About Gender.\",\"breadcrumb\":{\"@id\":\"https:\\\/\\\/whai.ca\\\/about\\\/#breadcrumb\"},\"inLanguage\":\"fr-FR\",\"potentialAction\":[{\"@type\":\"ReadAction\",\"target\":[\"https:\\\/\\\/whai.ca\\\/about\\\/\"]}]},{\"@type\":\"ImageObject\",\"inLanguage\":\"fr-FR\",\"@id\":\"https:\\\/\\\/whai.ca\\\/about\\\/#primaryimage\",\"url\":\"https:\\\/\\\/whai.ca\\\/wp-content\\\/uploads\\\/whai-feature-image.jpg\",\"contentUrl\":\"https:\\\/\\\/whai.ca\\\/wp-content\\\/uploads\\\/whai-feature-image.jpg\",\"width\":1126,\"height\":763,\"caption\":\"WHAI logo with orange and purple floral designs, text \\\"Women & HIV\\\/AIDS Initiative.\"},{\"@type\":\"BreadcrumbList\",\"@id\":\"https:\\\/\\\/whai.ca\\\/about\\\/#breadcrumb\",\"itemListElement\":[{\"@type\":\"ListItem\",\"position\":1,\"name\":\"Home\",\"item\":\"https:\\\/\\\/whai.ca\\\/\"},{\"@type\":\"ListItem\",\"position\":2,\"name\":\"Who We Are\"}]},{\"@type\":\"WebSite\",\"@id\":\"https:\\\/\\\/whai.ca\\\/#website\",\"url\":\"https:\\\/\\\/whai.ca\\\/\",\"name\":\"WHAI\",\"description\":\"Women &amp; HIV \\\/ AIDS Initiative c\\\/o Ontario AIDS Network\",\"potentialAction\":[{\"@type\":\"SearchAction\",\"target\":{\"@type\":\"EntryPoint\",\"urlTemplate\":\"https:\\\/\\\/whai.ca\\\/?s={search_term_string}\"},\"query-input\":{\"@type\":\"PropertyValueSpecification\",\"valueRequired\":true,\"valueName\":\"search_term_string\"}}],\"inLanguage\":\"fr-FR\"}]}<\/script>\n<!-- \/ Yoast SEO plugin. -->","yoast_head_json":{"title":"Who We Are - WHAI","description":"Who We Are WHAI is a community-based response to HIV and AIDS among women and gender-diverse people in Ontario. A Note About Gender A Note About Gender.","robots":{"index":"index","follow":"follow","max-snippet":"max-snippet:-1","max-image-preview":"max-image-preview:large","max-video-preview":"max-video-preview:-1"},"canonical":"https:\/\/whai.ca\/fr\/a-propos\/","og_locale":"fr_FR","og_type":"article","og_title":"Who We Are - WHAI","og_description":"Who We Are WHAI is a community-based response to HIV and AIDS among women and gender-diverse people in Ontario. A Note About Gender A Note About Gender.","og_url":"https:\/\/whai.ca\/fr\/a-propos\/","og_site_name":"WHAI","article_modified_time":"2026-04-21T19:08:30+00:00","og_image":[{"width":1126,"height":763,"url":"https:\/\/whai.ca\/wp-content\/uploads\/whai-feature-image.jpg","type":"image\/jpeg"}],"twitter_card":"summary_large_image","twitter_misc":{"Dur\u00e9e de lecture estim\u00e9e":"10 minutes"},"schema":{"@context":"https:\/\/schema.org","@graph":[{"@type":"WebPage","@id":"https:\/\/whai.ca\/about\/","url":"https:\/\/whai.ca\/about\/","name":"Who We Are - WHAI","isPartOf":{"@id":"https:\/\/whai.ca\/#website"},"primaryImageOfPage":{"@id":"https:\/\/whai.ca\/about\/#primaryimage"},"image":{"@id":"https:\/\/whai.ca\/about\/#primaryimage"},"thumbnailUrl":"https:\/\/whai.ca\/wp-content\/uploads\/whai-feature-image.jpg","datePublished":"2024-11-18T16:14:40+00:00","dateModified":"2026-04-21T19:08:30+00:00","description":"Who We Are WHAI is a community-based response to HIV and AIDS among women and gender-diverse people in Ontario. A Note About Gender A Note About Gender.","breadcrumb":{"@id":"https:\/\/whai.ca\/about\/#breadcrumb"},"inLanguage":"fr-FR","potentialAction":[{"@type":"ReadAction","target":["https:\/\/whai.ca\/about\/"]}]},{"@type":"ImageObject","inLanguage":"fr-FR","@id":"https:\/\/whai.ca\/about\/#primaryimage","url":"https:\/\/whai.ca\/wp-content\/uploads\/whai-feature-image.jpg","contentUrl":"https:\/\/whai.ca\/wp-content\/uploads\/whai-feature-image.jpg","width":1126,"height":763,"caption":"WHAI logo with orange and purple floral designs, text \"Women & HIV\/AIDS Initiative."},{"@type":"BreadcrumbList","@id":"https:\/\/whai.ca\/about\/#breadcrumb","itemListElement":[{"@type":"ListItem","position":1,"name":"Home","item":"https:\/\/whai.ca\/"},{"@type":"ListItem","position":2,"name":"Who We Are"}]},{"@type":"WebSite","@id":"https:\/\/whai.ca\/#website","url":"https:\/\/whai.ca\/","name":"WHAI","description":"Women &amp; HIV \/ AIDS Initiative c\/o Ontario AIDS Network","potentialAction":[{"@type":"SearchAction","target":{"@type":"EntryPoint","urlTemplate":"https:\/\/whai.ca\/?s={search_term_string}"},"query-input":{"@type":"PropertyValueSpecification","valueRequired":true,"valueName":"search_term_string"}}],"inLanguage":"fr-FR"}]}},"_links":{"self":[{"href":"https:\/\/whai.ca\/fr\/wp-json\/wp\/v2\/pages\/45178","targetHints":{"allow":["GET"]}}],"collection":[{"href":"https:\/\/whai.ca\/fr\/wp-json\/wp\/v2\/pages"}],"about":[{"href":"https:\/\/whai.ca\/fr\/wp-json\/wp\/v2\/types\/page"}],"author":[{"embeddable":true,"href":"https:\/\/whai.ca\/fr\/wp-json\/wp\/v2\/users\/2"}],"replies":[{"embeddable":true,"href":"https:\/\/whai.ca\/fr\/wp-json\/wp\/v2\/comments?post=45178"}],"version-history":[{"count":0,"href":"https:\/\/whai.ca\/fr\/wp-json\/wp\/v2\/pages\/45178\/revisions"}],"wp:featuredmedia":[{"embeddable":true,"href":"https:\/\/whai.ca\/fr\/wp-json\/wp\/v2\/media\/45350"}],"wp:attachment":[{"href":"https:\/\/whai.ca\/fr\/wp-json\/wp\/v2\/media?parent=45178"}],"curies":[{"name":"wp","href":"https:\/\/api.w.org\/{rel}","templated":true}]}}