{"id":105,"date":"2022-01-24T21:40:44","date_gmt":"2022-01-24T21:40:44","guid":{"rendered":"https:\/\/whai.ca\/?page_id=105"},"modified":"2026-03-18T16:12:57","modified_gmt":"2026-03-18T16:12:57","slug":"home","status":"publish","type":"page","link":"https:\/\/whai.ca\/fr\/","title":{"rendered":"Home"},"content":{"rendered":"<h1>\n\t\t\tBienvenue \u00e0 l\u2019IFVS\t<\/h1>\n\t<p>Nous renfor\u00e7ons la capacit\u00e9 communautaire afin de soutenir les <strong>femmes<\/strong> vivant avec le VIH ou confront\u00e9es \u00e0 un risque syst\u00e9mique de VIH.<\/p>\n\t\t\t<a href=\"#Get-Started\"  target=\"_self\">\n\t\t\t\t\t\t\tVoyez comment\n\t\t\t<\/a>\n\t\t\t<a href=\"javascript:void(0)\" title=\"Une note sur le genre.\" target=\"_self\"  data-modal=  \"role=\"button\"\" aria-label=\"Une note sur le genre.\">\n\t\t\t\t\t\t\tUne note sur le genre.\n\t\t<\/a>\n\t\t\t<button aria-label=\"Close Flyout\">\n\t\t\t\t\t\t\t<\/button>\n\t\t\t\t\t\t\t<h2>Une note sur le genre.\n<\/h2><p>&#8216;Woman&#8217; and &#8216;Women&#8217;<\/p>\n<p class=\"translation-block\">L'IFVS donne la priorit\u00e9 au travail avec les <strong>femmes<\/strong> cis et trans, les personnes bispirituelles et non binaires qui vivent avec le VIH et\/ou qui sont africaines, cara\u00efb\u00e9ennes, noires, autochtones, nouvelles arrivantes, qui consomment des drogues ou des substances, ont des exp\u00e9riences de violence et\/ou ont \u00e9t\u00e9\/sont incarc\u00e9r\u00e9es.<\/p>\n<p>Throughout our website, the term &#8216;<strong>femmes<\/strong>&#8216; is bold to remind us of the importance of prioritizing and centring communities of <strong>femmes<\/strong> who face disproportionate structural risk factors related to HIV, as well as being a reminder that gender is not binary, and the importance of thoughtfulness towards inclusivity for Trans, Two-Spirit, and Non-Binary people in WHAI work. Identities are capitalized throughout, except &#8220;cis.&#8221; This is to remind us of the privilege and space afforded cis people, and to support the amplification of identities outside gender-binary constructions.<\/p>\n\t\t<h2>\n\t\t\tCommencez\t<\/h2>\n\t\t\t\t<a href=\"https:\/\/whai.ca\/fr\/learn-about-hiv\/les-femmes-et-le-vih-en-ontario\/\" target=\"_self\" itemprop=\"url\">\n\t\t\t\t<img decoding=\"async\" src=\"https:\/\/whai.ca\/wp-content\/uploads\/icon_ribbon.svg\" alt=\"icon_ribbon\" itemprop=\"image\" title=\"icon_ribbon\" onerror=\"this.style.display='none'\"  \/>\n\t\t\t\t<\/a>\n<h3><a href=\"https:\/\/whai.ca\/fr\/learn-about-hiv\/les-femmes-et-le-vih-en-ontario\/\" target=\"_self\">Learn About Women &#038; HIV In Ontario<\/a><\/h3><p class=\"translation-block\">Chaque ann\u00e9e en Ontario, entre 20 et 25 % des nouveaux diagnostics sont des <strong>femmes<\/strong>.<\/p>\n<a href=\"https:\/\/whai.ca\/fr\/learn-about-hiv\/les-femmes-et-le-vih-en-ontario\/\"  target=\"_self\">En savoir plus<\/a>\t\n\t\t\t\t<a href=\"https:\/\/whai.ca\/fr\/notre-travail\/\" target=\"_self\" itemprop=\"url\">\n\t\t\t\t<img decoding=\"async\" src=\"https:\/\/whai.ca\/wp-content\/uploads\/icon_people.svg\" alt=\"icon_people\" itemprop=\"image\" title=\"icon_people\" onerror=\"this.style.display='none'\"  \/>\n\t\t\t\t<\/a>\n<h3><a href=\"https:\/\/whai.ca\/fr\/notre-travail\/\" target=\"_self\">Explore WHAI&#8217;s Unique Approach<\/a><\/h3><p>WHAI&#8217;s work across Ontario is rooted in the principles of community development and collective impact.<\/p>\n<a href=\"https:\/\/whai.ca\/fr\/notre-travail\/\"  target=\"_self\">En savoir plus<\/a>\t\n\t\t\t\t<a href=\"https:\/\/whai.ca\/fr\/ressources\/\" target=\"_self\" itemprop=\"url\">\n\t\t\t\t<img decoding=\"async\" src=\"https:\/\/whai.ca\/wp-content\/uploads\/icon_pencil.svg\" alt=\"icon_pencil\" itemprop=\"image\" title=\"icon_pencil\" onerror=\"this.style.display='none'\"  \/>\n\t\t\t\t<\/a>\n<h3><a href=\"https:\/\/whai.ca\/fr\/ressources\/\" target=\"_self\">Access Helpful Tools &#038; Resources<\/a><\/h3><p class=\"translation-block\">Explorez notre collection de ressources, de trousses d\u2019outils et de documents sur les <strong>femmes<\/strong> et le VIH.<\/p>\n<a href=\"https:\/\/whai.ca\/fr\/ressources\/\"  target=\"_self\">En savoir plus<\/a>\t\n<h2>\n\t\t\tNotre approche\t<\/h2>\n\t<p class=\"translation-block\">Le travail de l'IFVS s\u2019articule autour de <strong>6 domaines prioritaires<\/strong> ancr\u00e9s dans les principes de d\u00e9veloppement communautaire et d\u2019impact collectif.<\/p>\n\t\t\t<a href=\"https:\/\/whai.ca\/fr\/notre-travail\/\"  target=\"_self\">\n\t\t\t\t\t\t\tEn savoir plus sur notre travail\n\t\t\t<\/a>\n<h3>\n\t\t\tNos domaines prioritaires\t<\/h3>\n\t<ul>\n\t\t<li>\t\t\n\t\t\t\t<img decoding=\"async\" src=\"https:\/\/whai.ca\/wp-content\/uploads\/icon_chatplus.svg\" alt=\"icon_chatplus\" title=\"icon_chatplus\" itemprop=\"image\"\/>\n\t\t<a href=\"https:\/\/whai.ca\/fr\/notre-travail\/education-prevention-soins-et-soutien\/\" target=\"_self\"  aria-label=\"Go to https:\/\/whai.ca\/our-work\/hiv-education-prevention-care-support\/\">\u00c9ducation, pr\u00e9vention, soins et soutien<\/a><\/li><li>\t\t\n\t\t\t\t<img decoding=\"async\" src=\"https:\/\/whai.ca\/wp-content\/uploads\/icon_2hands.svg\" alt=\"icon_2hands\" title=\"icon_2hands\" itemprop=\"image\"\/>\n\t\t<a href=\"https:\/\/whai.ca\/fr\/notre-travail\/lien-avec-la-communaute\/\" target=\"_self\"  aria-label=\"Go to https:\/\/whai.ca\/our-work\/community-connection\/\">Lien avec la communaut\u00e9<\/a><\/li><li>\t\t\n\t\t\t\t<img decoding=\"async\" src=\"https:\/\/whai.ca\/wp-content\/uploads\/icon_harvibes.svg\" alt=\"icon_harvibes\" title=\"icon_harvibes\" itemprop=\"image\"\/>\n\t\t<a href=\"https:\/\/whai.ca\/fr\/notre-travail\/soins-holistiques\/\" target=\"_self\"  aria-label=\"Go to https:\/\/whai.ca\/our-work\/wholistic-care\/\">Soins holistiques<\/a><\/li><li>\t\t\n\t\t\t\t<img decoding=\"async\" src=\"https:\/\/whai.ca\/wp-content\/uploads\/icon_safety.svg\" alt=\"icon_safety\" title=\"icon_safety\" itemprop=\"image\"\/>\n\t\t<a href=\"https:\/\/whai.ca\/fr\/notre-travail\/securite\/\" target=\"_self\"  aria-label=\"Go to https:\/\/whai.ca\/our-work\/safety\/\">S\u00e9curit\u00e9<\/a><\/li><li>\t\t\n\t\t\t\t<img decoding=\"async\" src=\"https:\/\/whai.ca\/wp-content\/uploads\/icon_flower.svg\" alt=\"icon_flower\" title=\"icon_flower\" itemprop=\"image\"\/>\n\t\t<a href=\"https:\/\/whai.ca\/fr\/notre-travail\/reduction-des-mefaits-centree-sur-les-femmes\/\" target=\"_self\"  aria-label=\"Go to https:\/\/whai.ca\/our-work\/women-centred-harm-reduction\/\">R\u00e9duction des m\u00e9faits centr\u00e9e sur les femmes<\/a><\/li><li>\t\t\n\t\t\t\t<img decoding=\"async\" src=\"https:\/\/whai.ca\/wp-content\/uploads\/icon_money.svg\" alt=\"icon_money\" title=\"icon_money\" itemprop=\"image\"\/>\n\t\t<a href=\"https:\/\/whai.ca\/fr\/notre-travail\/autonomie-economique\/\" target=\"_self\"  aria-label=\"Go to https:\/\/whai.ca\/our-work\/economic-autonomy\/\">Autonomie \u00e9conomique<\/a><\/li>\t<\/ul>\n<h2>\n\t\t\tEngag\u00e9e envers l\u2019\u00e9quit\u00e9\t<\/h2>\n\t<p>Nos engagements organisationnels refl\u00e8tent nos priorit\u00e9s et nos valeurs.<\/p>\n\t\t\t<a href=\"https:\/\/whai.ca\/fr\/a-propos\/engagements\/\"  target=\"_self\">\n\t\t\t\t\t\t\tLisez nos engagements\n\t\t\t<\/a>\n<h2>\n\t\t\tRessources originales de l'IFVS en vedette\t<\/h2>\n\t\t\t<a href=\"https:\/\/whai.ca\/fr\/ressources\/\"  target=\"_self\">\n\t\t\t\t\t\t\tVoyez toutes les ressources\n\t\t\t<\/a>\n\t<div class='post-wedge media'>            <div class=\"post post-row postid-47764  fr-enable\">\n                <div class=\"post-col img-col\">\n                    <img decoding=\"async\" width=\"618\" height=\"800\" src=\"https:\/\/whai.ca\/wp-content\/uploads\/HIV-HPV-Anal-Cancer-Factsheet-FR_Page_1.jpg\" class=\"post-grid-img\" alt=\"\" srcset=\"https:\/\/whai.ca\/wp-content\/uploads\/HIV-HPV-Anal-Cancer-Factsheet-FR_Page_1.jpg 1700w, https:\/\/whai.ca\/wp-content\/uploads\/HIV-HPV-Anal-Cancer-Factsheet-FR_Page_1-618x800.jpg 618w, https:\/\/whai.ca\/wp-content\/uploads\/HIV-HPV-Anal-Cancer-Factsheet-FR_Page_1-1236x1600.jpg 1236w, https:\/\/whai.ca\/wp-content\/uploads\/HIV-HPV-Anal-Cancer-Factsheet-FR_Page_1-768x994.jpg 768w, https:\/\/whai.ca\/wp-content\/uploads\/HIV-HPV-Anal-Cancer-Factsheet-FR_Page_1-1187x1536.jpg 1187w, https:\/\/whai.ca\/wp-content\/uploads\/HIV-HPV-Anal-Cancer-Factsheet-FR_Page_1-1583x2048.jpg 1583w, https:\/\/whai.ca\/wp-content\/uploads\/HIV-HPV-Anal-Cancer-Factsheet-FR_Page_1-9x12.jpg 9w\" sizes=\"(max-width: 618px) 100vw, 618px\" \/>                    <div class=\"tags\">\n                        <span>Fiche d'information<\/span>, <span>Ressource originale de l'IFVS<\/span>                    <\/div>\n                <\/div>\n                <div class=\"post-col title-col\">\n                    <div class=\"tags\">\n                        <span>Fiche d'information<\/span>, <span>Ressource originale de l'IFVS                    <\/div>\n                    <h3 class='h4'><a target=\"_self\" href=\"https:\/\/whai.ca\/fr\/resource\/women-and-gender-diverse-people-hiv-hpv-anal-cancer\/\">Les femmes et les personnes de genres divers,\nle VIH, le VPH et le cancer de l'anus<\/a><\/h3>\n                    <div class=\"date\">Mar 6, 2026<\/div>\n                <\/div>\n            <\/div>\n                        <div class=\"post post-row postid-47706  fr-enable\">\n                <div class=\"post-col img-col\">\n                    <img decoding=\"async\" width=\"570\" height=\"800\" src=\"https:\/\/whai.ca\/wp-content\/uploads\/HIV-Prevention-Medications-FR-Image.png\" class=\"post-grid-img\" alt=\"\" srcset=\"https:\/\/whai.ca\/wp-content\/uploads\/HIV-Prevention-Medications-FR-Image.png 1070w, https:\/\/whai.ca\/wp-content\/uploads\/HIV-Prevention-Medications-FR-Image-570x800.png 570w, https:\/\/whai.ca\/wp-content\/uploads\/HIV-Prevention-Medications-FR-Image-768x1078.png 768w, https:\/\/whai.ca\/wp-content\/uploads\/HIV-Prevention-Medications-FR-Image-9x12.png 9w\" sizes=\"(max-width: 570px) 100vw, 570px\" \/>                    <div class=\"tags\">\n                        <span>Livret<\/span>, <span>Ressource originale de l'IFVS<\/span>                    <\/div>\n                <\/div>\n                <div class=\"post-col title-col\">\n                    <div class=\"tags\">\n                        <span>Livret<\/span>, <span>Ressource originale de l'IFVS                    <\/div>\n                    <h3 class='h4'><a target=\"_self\" href=\"https:\/\/whai.ca\/fr\/resource\/hiv-prevention-medications-prep-pep-pip\/\">Les m\u00e9dicaments pour la pr\u00e9vention du VIH<\/a><\/h3>\n                    <div class=\"date\">D\u00e9c 1, 2025<\/div>\n                <\/div>\n            <\/div>\n                        <div class=\"post post-row postid-47678  fr-enable\">\n                <div class=\"post-col img-col\">\n                    <img decoding=\"async\" width=\"566\" height=\"800\" src=\"https:\/\/whai.ca\/wp-content\/uploads\/Une-place-au-piquenique-scaled.jpg\" class=\"post-grid-img\" alt=\"\" srcset=\"https:\/\/whai.ca\/wp-content\/uploads\/Une-place-au-piquenique-scaled.jpg 1811w, https:\/\/whai.ca\/wp-content\/uploads\/Une-place-au-piquenique-566x800.jpg 566w, https:\/\/whai.ca\/wp-content\/uploads\/Une-place-au-piquenique-1132x1600.jpg 1132w, https:\/\/whai.ca\/wp-content\/uploads\/Une-place-au-piquenique-768x1086.jpg 768w, https:\/\/whai.ca\/wp-content\/uploads\/Une-place-au-piquenique-1086x1536.jpg 1086w, https:\/\/whai.ca\/wp-content\/uploads\/Une-place-au-piquenique-1449x2048.jpg 1449w, https:\/\/whai.ca\/wp-content\/uploads\/Une-place-au-piquenique-8x12.jpg 8w\" sizes=\"(max-width: 566px) 100vw, 566px\" \/>                    <div class=\"tags\">\n                        <span>Livret<\/span>, <span>Affiche<\/span>, <span>Imprimables<\/span>, <span>Ressource originale de l'IFVS<\/span>                    <\/div>\n                <\/div>\n                <div class=\"post-col title-col\">\n                    <div class=\"tags\">\n                        <span>Livret<\/span>, <span>Affiche<\/span>, <span>Imprimables<\/span>, <span>Ressource originale de l'IFVS                    <\/div>\n                    <h3 class='h4'><a target=\"_self\" href=\"https:\/\/whai.ca\/fr\/resource\/a-seat-at-the-picnic\/\">Une place au piquenique : Comment les d\u00e9terminants sociaux et structurels de la sant\u00e9 influent sur le risque de VIH et sur les r\u00e9sultats en mati\u00e8re de sant\u00e9.<\/a><\/h3>\n                    <div class=\"date\">Nov 21, 2025<\/div>\n                <\/div>\n            <\/div>\n                        <div class=\"post post-row postid-47609  fr-enable\">\n                <div class=\"post-col img-col\">\n                    <img decoding=\"async\" width=\"640\" height=\"800\" src=\"https:\/\/whai.ca\/wp-content\/uploads\/GetaKit-Guide-Thumbnail-640x800.png\" class=\"post-grid-img\" alt=\"\" srcset=\"https:\/\/whai.ca\/wp-content\/uploads\/GetaKit-Guide-Thumbnail-640x800.png 640w, https:\/\/whai.ca\/wp-content\/uploads\/GetaKit-Guide-Thumbnail-768x960.png 768w, https:\/\/whai.ca\/wp-content\/uploads\/GetaKit-Guide-Thumbnail-10x12.png 10w, https:\/\/whai.ca\/wp-content\/uploads\/GetaKit-Guide-Thumbnail.png 1080w\" sizes=\"(max-width: 640px) 100vw, 640px\" \/>                    <div class=\"tags\">\n                        <span>Trousse d'outils\/guide<\/span>, <span>Ressource originale de l'IFVS<\/span>                    <\/div>\n                <\/div>\n                <div class=\"post-col title-col\">\n                    <div class=\"tags\">\n                        <span>Trousse d'outils\/guide<\/span>, <span>Ressource originale de l'IFVS                    <\/div>\n                    <h3 class='h4'><a target=\"_self\" href=\"https:\/\/whai.ca\/fr\/resource\/5-steps-for-testing-with-getakit\/\">5 \u00e9tapes pour se fair d\u00e9pister avec GetaKit<\/a><\/h3>\n                    <div class=\"date\">Sep 3, 2025<\/div>\n                <\/div>\n            <\/div>\n            <\/div>\n<h2>\n\t\t\t\u00c9v\u00e9nements communautaires \u00e0 venir\t<\/h2>\n\t\t\t<a href=\"https:\/\/whai.ca\/fr\/events\/\"  target=\"_self\">\n\t\t\t\t\t\t\tVoir tous les \u00e9v\u00e9nements (EN)\n\t\t\t<\/a>\n\t<div class=\"slider-header\"><div class=\"slider-ctl slider-ctl-news\"><div class=\"slider-dot slider-dot-news\"><\/div><\/div><\/div><div class='post-wedget carrousel carrousel-news'>        <div class=\"post\">\n            <div class=\"postBox\">\n                <div class=\"postTop\">\n                    <div class=\"imgBox\">\n                        <div class=\"tags\">\n                            \u00e9v\u00e9nement                        <\/div>\n                    <\/div>\n                    <div class=\"infoBox\">\n                        <h3 class=\"h4\"><a target=\"_self\" href=\"https:\/\/whai.ca\/fr\/event\/african-caribbean-black-communities-harm-reduction-an-accho-whai-collaboration\/\">Working with African, Caribbean & Black Communities who use Substances.<\/a><\/h3>\n                        <div class=\"date\">\n                            May 7, 2026<\/br>10:00am - 11:30am                        <\/div>\n                    <\/div>\n                <\/div>\n            <\/div>\n        <\/div>\n                <div class=\"post\">\n            <div class=\"postBox\">\n                <div class=\"postTop\">\n                    <div class=\"imgBox\">\n                        <div class=\"tags\">\n                            \u00e9v\u00e9nement                        <\/div>\n                    <\/div>\n                    <div class=\"infoBox\">\n                        <h3 class=\"h4\"><a target=\"_self\" href=\"https:\/\/whai.ca\/fr\/event\/free-virtual-public-legal-education-workshops-spring-2026\/\">Free, Virtual Public Legal Education Workshops (Spring 2026)<\/a><\/h3>\n                        <div class=\"date\">\n                            May 7, 2026 to May 29, 2026<\/br>Thursdays in May - 3:00pm to 4:00pm                        <\/div>\n                    <\/div>\n                <\/div>\n            <\/div>\n        <\/div>\n        <\/div>\n<h2>\n\t\t\tTrouvez une coordonnatrice locale\t<\/h2>\n\t<p>Vous pouvez communiquer avec une coordonnatrice de l\u2019IFVS par l\u2019interm\u00e9diaire d\u2019organismes communautaires partout en Ontario.<\/p>\n\t\t\t<a href=\"https:\/\/whai.ca\/fr\/communiquez-avec-nous\/#coordinators\"  target=\"_self\">\n\t\t\t\t\t\t\tCommencez votre recherche\n\t\t\t<\/a>","protected":false},"excerpt":{"rendered":"","protected":false},"author":2,"featured_media":45350,"parent":0,"menu_order":-200,"comment_status":"closed","ping_status":"closed","template":"","meta":{"_acf_changed":false,"inline_featured_image":false,"footnotes":""},"class_list":["post-105","page","type-page","status-publish","has-post-thumbnail","hentry"],"acf":[],"yoast_head":"<!-- This site is optimized with the Yoast SEO plugin v27.3 - https:\/\/yoast.com\/product\/yoast-seo-wordpress\/ -->\n<title>Home - WHAI<\/title>\n<meta name=\"description\" content=\"Welcome to WHAI We build community capacity to support women and gender-diverse people living with or facing systemic risk of contracting HIV. See How A\" \/>\n<meta name=\"robots\" content=\"index, follow, max-snippet:-1, max-image-preview:large, max-video-preview:-1\" \/>\n<link rel=\"canonical\" href=\"https:\/\/whai.ca\/fr\/\" \/>\n<meta property=\"og:locale\" content=\"fr_FR\" \/>\n<meta property=\"og:type\" content=\"article\" \/>\n<meta property=\"og:title\" content=\"Home - WHAI\" \/>\n<meta property=\"og:description\" content=\"Welcome to WHAI We build community capacity to support women and gender-diverse people living with or facing systemic risk of contracting HIV. See How A\" \/>\n<meta property=\"og:url\" content=\"https:\/\/whai.ca\/fr\/\" \/>\n<meta property=\"og:site_name\" content=\"WHAI\" \/>\n<meta property=\"article:modified_time\" content=\"2026-03-18T16:12:57+00:00\" \/>\n<meta property=\"og:image\" content=\"https:\/\/whai.ca\/wp-content\/uploads\/whai-feature-image.jpg\" \/>\n\t<meta property=\"og:image:width\" content=\"1126\" \/>\n\t<meta property=\"og:image:height\" content=\"763\" \/>\n\t<meta property=\"og:image:type\" content=\"image\/jpeg\" \/>\n<meta name=\"twitter:card\" content=\"summary_large_image\" \/>\n<meta name=\"twitter:label1\" content=\"Dur\u00e9e de lecture estim\u00e9e\" \/>\n\t<meta name=\"twitter:data1\" content=\"5 minutes\" \/>\n<script type=\"application\/ld+json\" class=\"yoast-schema-graph\">{\"@context\":\"https:\\\/\\\/schema.org\",\"@graph\":[{\"@type\":\"WebPage\",\"@id\":\"https:\\\/\\\/whai.ca\\\/\",\"url\":\"https:\\\/\\\/whai.ca\\\/\",\"name\":\"Home - WHAI\",\"isPartOf\":{\"@id\":\"https:\\\/\\\/whai.ca\\\/#website\"},\"primaryImageOfPage\":{\"@id\":\"https:\\\/\\\/whai.ca\\\/#primaryimage\"},\"image\":{\"@id\":\"https:\\\/\\\/whai.ca\\\/#primaryimage\"},\"thumbnailUrl\":\"https:\\\/\\\/whai.ca\\\/wp-content\\\/uploads\\\/whai-feature-image.jpg\",\"datePublished\":\"2022-01-24T21:40:44+00:00\",\"dateModified\":\"2026-03-18T16:12:57+00:00\",\"description\":\"Welcome to WHAI We build community capacity to support women and gender-diverse people living with or facing systemic risk of contracting HIV. See How A\",\"breadcrumb\":{\"@id\":\"https:\\\/\\\/whai.ca\\\/#breadcrumb\"},\"inLanguage\":\"fr-FR\",\"potentialAction\":[{\"@type\":\"ReadAction\",\"target\":[\"https:\\\/\\\/whai.ca\\\/\"]}]},{\"@type\":\"ImageObject\",\"inLanguage\":\"fr-FR\",\"@id\":\"https:\\\/\\\/whai.ca\\\/#primaryimage\",\"url\":\"https:\\\/\\\/whai.ca\\\/wp-content\\\/uploads\\\/whai-feature-image.jpg\",\"contentUrl\":\"https:\\\/\\\/whai.ca\\\/wp-content\\\/uploads\\\/whai-feature-image.jpg\",\"width\":1126,\"height\":763,\"caption\":\"WHAI logo with orange and purple floral designs, text \\\"Women & HIV\\\/AIDS Initiative.\"},{\"@type\":\"BreadcrumbList\",\"@id\":\"https:\\\/\\\/whai.ca\\\/#breadcrumb\",\"itemListElement\":[{\"@type\":\"ListItem\",\"position\":1,\"name\":\"Home\",\"item\":\"https:\\\/\\\/whai.ca\\\/\"},{\"@type\":\"ListItem\",\"position\":2,\"name\":\"Home\"}]},{\"@type\":\"WebSite\",\"@id\":\"https:\\\/\\\/whai.ca\\\/#website\",\"url\":\"https:\\\/\\\/whai.ca\\\/\",\"name\":\"WHAI\",\"description\":\"Women &amp; HIV \\\/ AIDS Initiative c\\\/o Ontario AIDS Network\",\"potentialAction\":[{\"@type\":\"SearchAction\",\"target\":{\"@type\":\"EntryPoint\",\"urlTemplate\":\"https:\\\/\\\/whai.ca\\\/?s={search_term_string}\"},\"query-input\":{\"@type\":\"PropertyValueSpecification\",\"valueRequired\":true,\"valueName\":\"search_term_string\"}}],\"inLanguage\":\"fr-FR\"}]}<\/script>\n<!-- \/ Yoast SEO plugin. -->","yoast_head_json":{"title":"Home - WHAI","description":"Welcome to WHAI We build community capacity to support women and gender-diverse people living with or facing systemic risk of contracting HIV. See How A","robots":{"index":"index","follow":"follow","max-snippet":"max-snippet:-1","max-image-preview":"max-image-preview:large","max-video-preview":"max-video-preview:-1"},"canonical":"https:\/\/whai.ca\/fr\/","og_locale":"fr_FR","og_type":"article","og_title":"Home - WHAI","og_description":"Welcome to WHAI We build community capacity to support women and gender-diverse people living with or facing systemic risk of contracting HIV. See How A","og_url":"https:\/\/whai.ca\/fr\/","og_site_name":"WHAI","article_modified_time":"2026-03-18T16:12:57+00:00","og_image":[{"width":1126,"height":763,"url":"https:\/\/whai.ca\/wp-content\/uploads\/whai-feature-image.jpg","type":"image\/jpeg"}],"twitter_card":"summary_large_image","twitter_misc":{"Dur\u00e9e de lecture estim\u00e9e":"5 minutes"},"schema":{"@context":"https:\/\/schema.org","@graph":[{"@type":"WebPage","@id":"https:\/\/whai.ca\/","url":"https:\/\/whai.ca\/","name":"Home - WHAI","isPartOf":{"@id":"https:\/\/whai.ca\/#website"},"primaryImageOfPage":{"@id":"https:\/\/whai.ca\/#primaryimage"},"image":{"@id":"https:\/\/whai.ca\/#primaryimage"},"thumbnailUrl":"https:\/\/whai.ca\/wp-content\/uploads\/whai-feature-image.jpg","datePublished":"2022-01-24T21:40:44+00:00","dateModified":"2026-03-18T16:12:57+00:00","description":"Welcome to WHAI We build community capacity to support women and gender-diverse people living with or facing systemic risk of contracting HIV. See How A","breadcrumb":{"@id":"https:\/\/whai.ca\/#breadcrumb"},"inLanguage":"fr-FR","potentialAction":[{"@type":"ReadAction","target":["https:\/\/whai.ca\/"]}]},{"@type":"ImageObject","inLanguage":"fr-FR","@id":"https:\/\/whai.ca\/#primaryimage","url":"https:\/\/whai.ca\/wp-content\/uploads\/whai-feature-image.jpg","contentUrl":"https:\/\/whai.ca\/wp-content\/uploads\/whai-feature-image.jpg","width":1126,"height":763,"caption":"WHAI logo with orange and purple floral designs, text \"Women & HIV\/AIDS Initiative."},{"@type":"BreadcrumbList","@id":"https:\/\/whai.ca\/#breadcrumb","itemListElement":[{"@type":"ListItem","position":1,"name":"Home","item":"https:\/\/whai.ca\/"},{"@type":"ListItem","position":2,"name":"Home"}]},{"@type":"WebSite","@id":"https:\/\/whai.ca\/#website","url":"https:\/\/whai.ca\/","name":"WHAI","description":"Women &amp; HIV \/ AIDS Initiative c\/o Ontario AIDS Network","potentialAction":[{"@type":"SearchAction","target":{"@type":"EntryPoint","urlTemplate":"https:\/\/whai.ca\/?s={search_term_string}"},"query-input":{"@type":"PropertyValueSpecification","valueRequired":true,"valueName":"search_term_string"}}],"inLanguage":"fr-FR"}]}},"_links":{"self":[{"href":"https:\/\/whai.ca\/fr\/wp-json\/wp\/v2\/pages\/105","targetHints":{"allow":["GET"]}}],"collection":[{"href":"https:\/\/whai.ca\/fr\/wp-json\/wp\/v2\/pages"}],"about":[{"href":"https:\/\/whai.ca\/fr\/wp-json\/wp\/v2\/types\/page"}],"author":[{"embeddable":true,"href":"https:\/\/whai.ca\/fr\/wp-json\/wp\/v2\/users\/2"}],"replies":[{"embeddable":true,"href":"https:\/\/whai.ca\/fr\/wp-json\/wp\/v2\/comments?post=105"}],"version-history":[{"count":0,"href":"https:\/\/whai.ca\/fr\/wp-json\/wp\/v2\/pages\/105\/revisions"}],"wp:featuredmedia":[{"embeddable":true,"href":"https:\/\/whai.ca\/fr\/wp-json\/wp\/v2\/media\/45350"}],"wp:attachment":[{"href":"https:\/\/whai.ca\/fr\/wp-json\/wp\/v2\/media?parent=105"}],"curies":[{"name":"wp","href":"https:\/\/api.w.org\/{rel}","templated":true}]}}